{"id":4375,"date":"2025-01-03T16:54:01","date_gmt":"2025-01-03T15:54:01","guid":{"rendered":"https:\/\/mef.sum.ba\/sme\/?page_id=4375"},"modified":"2025-03-27T12:54:04","modified_gmt":"2025-03-27T11:54:04","slug":"program","status":"publish","type":"page","link":"https:\/\/mef.sum.ba\/sme\/program\/","title":{"rendered":"Program"},"content":{"rendered":"\t\t<div data-elementor-type=\"wp-page\" data-elementor-id=\"4375\" class=\"elementor elementor-4375\" data-elementor-post-type=\"page\">\n\t\t\t\t<div class=\"elementor-element elementor-element-3a2c7e7 e-flex e-con-boxed e-con e-parent\" data-id=\"3a2c7e7\" data-element_type=\"container\" data-e-type=\"container\">\n\t\t\t\t\t<div class=\"e-con-inner\">\n\t\t\t\t<div class=\"elementor-element elementor-element-5c46666 elementor--h-position-center elementor--v-position-middle elementor-arrows-position-inside elementor-pagination-position-inside elementor-widget elementor-widget-slides\" data-id=\"5c46666\" data-element_type=\"widget\" data-e-type=\"widget\" data-settings=\"{&quot;navigation&quot;:&quot;both&quot;,&quot;autoplay&quot;:&quot;yes&quot;,&quot;pause_on_hover&quot;:&quot;yes&quot;,&quot;pause_on_interaction&quot;:&quot;yes&quot;,&quot;autoplay_speed&quot;:5000,&quot;infinite&quot;:&quot;yes&quot;,&quot;transition&quot;:&quot;slide&quot;,&quot;transition_speed&quot;:500}\" data-widget_type=\"slides.default\">\n\t\t\t\t<div class=\"elementor-widget-container\">\n\t\t\t\t\t\t\t<div class=\"elementor-swiper\">\n\t\t\t<div class=\"elementor-slides-wrapper elementor-main-swiper swiper-container\" dir=\"ltr\" data-animation=\"fadeInUp\">\n\t\t\t\t<div class=\"swiper-wrapper elementor-slides\">\n\t\t\t\t\t\t\t\t\t\t<div class=\"elementor-repeater-item-ad09758 swiper-slide\"><div class=\"swiper-slide-bg\" role=\"img\"><\/div><div class=\"swiper-slide-inner\" ><div class=\"swiper-slide-contents\"><div class=\"elementor-slide-description\">Stranica 1<\/div><\/div><\/div><\/div><div class=\"elementor-repeater-item-a2de740 swiper-slide\"><div class=\"swiper-slide-bg\" role=\"img\"><\/div><div class=\"swiper-slide-inner\" ><div class=\"swiper-slide-contents\"><div class=\"elementor-slide-description\">Stranica 2<\/div><\/div><\/div><\/div><div class=\"elementor-repeater-item-008001e swiper-slide\"><div class=\"swiper-slide-bg\" role=\"img\"><\/div><div class=\"swiper-slide-inner\" ><div class=\"swiper-slide-contents\"><div class=\"elementor-slide-description\">Stranica 3<\/div><\/div><\/div><\/div><div class=\"elementor-repeater-item-0e6a0e5 swiper-slide\"><div class=\"swiper-slide-bg\" role=\"img\"><\/div><div class=\"swiper-slide-inner\" ><div class=\"swiper-slide-contents\"><div class=\"elementor-slide-description\">Stranica 4<\/div><\/div><\/div><\/div><div class=\"elementor-repeater-item-e6faf18 swiper-slide\"><div class=\"swiper-slide-bg\" role=\"img\"><\/div><div class=\"swiper-slide-inner\" ><div class=\"swiper-slide-contents\"><div class=\"elementor-slide-description\">Stranica 5<\/div><\/div><\/div><\/div><div class=\"elementor-repeater-item-cfb4554 swiper-slide\"><div class=\"swiper-slide-bg\" role=\"img\"><\/div><div class=\"swiper-slide-inner\" ><div class=\"swiper-slide-contents\"><div class=\"elementor-slide-description\">Stranica 6<\/div><\/div><\/div><\/div><div class=\"elementor-repeater-item-4d939fc swiper-slide\"><div class=\"swiper-slide-bg\" role=\"img\"><\/div><div class=\"swiper-slide-inner\" ><div class=\"swiper-slide-contents\"><div class=\"elementor-slide-description\">Stranica 7<\/div><\/div><\/div><\/div><div class=\"elementor-repeater-item-9134337 swiper-slide\"><div class=\"swiper-slide-bg\" role=\"img\"><\/div><div class=\"swiper-slide-inner\" ><div class=\"swiper-slide-contents\"><div class=\"elementor-slide-description\">Stranica 8<\/div><\/div><\/div><\/div>\t\t\t\t<\/div>\n\t\t\t\t\t\t\t\t\t\t\t\t\t\t\t<div class=\"swiper-pagination\"><\/div>\n\t\t\t\t\t\t\t\t\t\t\t\t\t\t\t\t<div class=\"elementor-swiper-button elementor-swiper-button-prev\" role=\"button\" tabindex=\"0\">\n\t\t\t\t\t\t\t<i aria-hidden=\"true\" class=\"eicon-chevron-left\"><\/i>\t\t\t\t\t\t\t<span class=\"elementor-screen-only\">Previous slide<\/span>\n\t\t\t\t\t\t<\/div>\n\t\t\t\t\t\t<div class=\"elementor-swiper-button elementor-swiper-button-next\" role=\"button\" tabindex=\"0\">\n\t\t\t\t\t\t\t<i aria-hidden=\"true\" class=\"eicon-chevron-right\"><\/i>\t\t\t\t\t\t\t<span class=\"elementor-screen-only\">Next slide<\/span>\n\t\t\t\t\t\t<\/div>\n\t\t\t\t\t\t\t\t\t\t\t\t<\/div>\n\t\t<\/div>\n\t\t\t\t\t\t<\/div>\n\t\t\t\t<\/div>\n\t\t\t\t\t<\/div>\n\t\t\t\t<\/div>\n\t\t<div class=\"elementor-element elementor-element-b1a10fc e-flex e-con-boxed e-con e-parent\" data-id=\"b1a10fc\" data-element_type=\"container\" data-e-type=\"container\">\n\t\t\t\t\t<div class=\"e-con-inner\">\n\t\t\t\t<div class=\"elementor-element elementor-element-2e41adf elementor-widget elementor-widget-text-editor\" data-id=\"2e41adf\" data-element_type=\"widget\" data-e-type=\"widget\" data-widget_type=\"text-editor.default\">\n\t\t\t\t<div class=\"elementor-widget-container\">\n\t\t\t\t\t\t\t\t\t<h2 style=\"text-align: center;\">Predava\u010di<\/h2>\t\t\t\t\t\t\t\t<\/div>\n\t\t\t\t<\/div>\n\t\t\t\t\t<\/div>\n\t\t\t\t<\/div>\n\t\t<div class=\"elementor-element elementor-element-e6a3eed e-grid e-con-boxed e-con e-parent\" data-id=\"e6a3eed\" data-element_type=\"container\" data-e-type=\"container\">\n\t\t\t\t\t<div class=\"e-con-inner\">\n\t\t\t\t<div class=\"elementor-element elementor-element-bf22556 elementor-position-top elementor-widget elementor-widget-image-box\" data-id=\"bf22556\" data-element_type=\"widget\" data-e-type=\"widget\" data-widget_type=\"image-box.default\">\n\t\t\t\t<div class=\"elementor-widget-container\">\n\t\t\t\t\t<div class=\"elementor-image-box-wrapper\"><figure class=\"elementor-image-box-img\"><img fetchpriority=\"high\" decoding=\"async\" width=\"300\" height=\"300\" src=\"https:\/\/mef.sum.ba\/sme\/wp-content\/uploads\/2025\/01\/danijel500-300x300.jpg\" class=\"attachment-medium size-medium wp-image-4560\" alt=\"\" srcset=\"https:\/\/mef.sum.ba\/sme\/wp-content\/uploads\/2025\/01\/danijel500-300x300.jpg 300w, https:\/\/mef.sum.ba\/sme\/wp-content\/uploads\/2025\/01\/danijel500-80x80.jpg 80w, https:\/\/mef.sum.ba\/sme\/wp-content\/uploads\/2025\/01\/danijel500-12x12.jpg 12w, https:\/\/mef.sum.ba\/sme\/wp-content\/uploads\/2025\/01\/danijel500.jpg 500w\" sizes=\"(max-width: 300px) 100vw, 300px\" \/><\/figure><div class=\"elementor-image-box-content\"><h3 class=\"elementor-image-box-title\">Danijel Pravdi\u0107<\/h3><p class=\"elementor-image-box-description\"> Sveu\u010dili\u0161na klini\u010dka bolnica Mostar, Mostar<\/p><\/div><\/div>\t\t\t\t<\/div>\n\t\t\t\t<\/div>\n\t\t\t\t<div class=\"elementor-element elementor-element-efc3c2e elementor-position-top elementor-widget elementor-widget-image-box\" data-id=\"efc3c2e\" data-element_type=\"widget\" data-e-type=\"widget\" data-widget_type=\"image-box.default\">\n\t\t\t\t<div class=\"elementor-widget-container\">\n\t\t\t\t\t<div class=\"elementor-image-box-wrapper\"><figure class=\"elementor-image-box-img\"><img decoding=\"async\" width=\"300\" height=\"300\" src=\"https:\/\/mef.sum.ba\/sme\/wp-content\/uploads\/2025\/01\/cvetanka500-300x300.jpg\" class=\"attachment-medium size-medium wp-image-4564\" alt=\"\" srcset=\"https:\/\/mef.sum.ba\/sme\/wp-content\/uploads\/2025\/01\/cvetanka500-300x300.jpg 300w, https:\/\/mef.sum.ba\/sme\/wp-content\/uploads\/2025\/01\/cvetanka500-80x80.jpg 80w, https:\/\/mef.sum.ba\/sme\/wp-content\/uploads\/2025\/01\/cvetanka500-12x12.jpg 12w, https:\/\/mef.sum.ba\/sme\/wp-content\/uploads\/2025\/01\/cvetanka500.jpg 500w\" sizes=\"(max-width: 300px) 100vw, 300px\" \/><\/figure><div class=\"elementor-image-box-content\"><h3 class=\"elementor-image-box-title\">Cvetanka Volkanovska Ilijevska<\/h3><p class=\"elementor-image-box-description\">University clinic for endocrinology, diabetes and metabolic disorders, Skopje<\/p><\/div><\/div>\t\t\t\t<\/div>\n\t\t\t\t<\/div>\n\t\t\t\t<div class=\"elementor-element elementor-element-74c6544 elementor-position-top elementor-widget elementor-widget-image-box\" data-id=\"74c6544\" data-element_type=\"widget\" data-e-type=\"widget\" data-widget_type=\"image-box.default\">\n\t\t\t\t<div class=\"elementor-widget-container\">\n\t\t\t\t\t<div class=\"elementor-image-box-wrapper\"><figure class=\"elementor-image-box-img\"><img decoding=\"async\" width=\"300\" height=\"300\" src=\"https:\/\/mef.sum.ba\/sme\/wp-content\/uploads\/2025\/01\/Rok500-300x300.jpg\" class=\"attachment-medium size-medium wp-image-4577\" alt=\"\" srcset=\"https:\/\/mef.sum.ba\/sme\/wp-content\/uploads\/2025\/01\/Rok500-300x300.jpg 300w, https:\/\/mef.sum.ba\/sme\/wp-content\/uploads\/2025\/01\/Rok500-80x80.jpg 80w, https:\/\/mef.sum.ba\/sme\/wp-content\/uploads\/2025\/01\/Rok500-12x12.jpg 12w, https:\/\/mef.sum.ba\/sme\/wp-content\/uploads\/2025\/01\/Rok500.jpg 500w\" sizes=\"(max-width: 300px) 100vw, 300px\" \/><\/figure><div class=\"elementor-image-box-content\"><h3 class=\"elementor-image-box-title\">Rok Vr\u010dkovnik <\/h3><p class=\"elementor-image-box-description\">Univerzitetni klini\u010dni center Ljubljana, Ljubljana<\/p><\/div><\/div>\t\t\t\t<\/div>\n\t\t\t\t<\/div>\n\t\t\t\t<div class=\"elementor-element elementor-element-b6f7caf elementor-position-top elementor-widget elementor-widget-image-box\" data-id=\"b6f7caf\" data-element_type=\"widget\" data-e-type=\"widget\" data-widget_type=\"image-box.default\">\n\t\t\t\t<div class=\"elementor-widget-container\">\n\t\t\t\t\t<div class=\"elementor-image-box-wrapper\"><figure class=\"elementor-image-box-img\"><img loading=\"lazy\" decoding=\"async\" width=\"200\" height=\"200\" src=\"https:\/\/mef.sum.ba\/sme\/wp-content\/uploads\/2025\/01\/4-Iva-Rasulic-Univerzitetski-klinicki-centar-Srbije-Beograd.jpg\" class=\"attachment-medium size-medium wp-image-4587\" alt=\"\" srcset=\"https:\/\/mef.sum.ba\/sme\/wp-content\/uploads\/2025\/01\/4-Iva-Rasulic-Univerzitetski-klinicki-centar-Srbije-Beograd.jpg 200w, https:\/\/mef.sum.ba\/sme\/wp-content\/uploads\/2025\/01\/4-Iva-Rasulic-Univerzitetski-klinicki-centar-Srbije-Beograd-80x80.jpg 80w, https:\/\/mef.sum.ba\/sme\/wp-content\/uploads\/2025\/01\/4-Iva-Rasulic-Univerzitetski-klinicki-centar-Srbije-Beograd-12x12.jpg 12w\" sizes=\"(max-width: 200px) 100vw, 200px\" \/><\/figure><div class=\"elementor-image-box-content\"><h3 class=\"elementor-image-box-title\">Iva Rasuli\u0107<\/h3><p class=\"elementor-image-box-description\">Univerzitetski klini\u010dki centar Srbije, Beograd<\/p><\/div><\/div>\t\t\t\t<\/div>\n\t\t\t\t<\/div>\n\t\t\t\t<div class=\"elementor-element elementor-element-9dfba2b elementor-position-top elementor-widget elementor-widget-image-box\" data-id=\"9dfba2b\" data-element_type=\"widget\" data-e-type=\"widget\" data-widget_type=\"image-box.default\">\n\t\t\t\t<div class=\"elementor-widget-container\">\n\t\t\t\t\t<div class=\"elementor-image-box-wrapper\"><figure class=\"elementor-image-box-img\"><img loading=\"lazy\" decoding=\"async\" width=\"300\" height=\"300\" src=\"https:\/\/mef.sum.ba\/sme\/wp-content\/uploads\/2025\/01\/Emir-Muzurovic500-300x300.jpg\" class=\"attachment-medium size-medium wp-image-4596\" alt=\"\" srcset=\"https:\/\/mef.sum.ba\/sme\/wp-content\/uploads\/2025\/01\/Emir-Muzurovic500-300x300.jpg 300w, https:\/\/mef.sum.ba\/sme\/wp-content\/uploads\/2025\/01\/Emir-Muzurovic500-80x80.jpg 80w, https:\/\/mef.sum.ba\/sme\/wp-content\/uploads\/2025\/01\/Emir-Muzurovic500-12x12.jpg 12w, https:\/\/mef.sum.ba\/sme\/wp-content\/uploads\/2025\/01\/Emir-Muzurovic500.jpg 500w\" sizes=\"(max-width: 300px) 100vw, 300px\" \/><\/figure><div class=\"elementor-image-box-content\"><h3 class=\"elementor-image-box-title\">Emir Muzurovi\u0107<\/h3><p class=\"elementor-image-box-description\">Klini\u010dki centar Crne Gore, Podgorica<\/p><\/div><\/div>\t\t\t\t<\/div>\n\t\t\t\t<\/div>\n\t\t\t\t<div class=\"elementor-element elementor-element-e85b838 elementor-position-top elementor-widget elementor-widget-image-box\" data-id=\"e85b838\" data-element_type=\"widget\" data-e-type=\"widget\" data-widget_type=\"image-box.default\">\n\t\t\t\t<div class=\"elementor-widget-container\">\n\t\t\t\t\t<div class=\"elementor-image-box-wrapper\"><figure class=\"elementor-image-box-img\"><img loading=\"lazy\" decoding=\"async\" width=\"300\" height=\"300\" src=\"https:\/\/mef.sum.ba\/sme\/wp-content\/uploads\/2025\/01\/Karin-Zibar-Tomsic500-300x300.jpg\" class=\"attachment-medium size-medium wp-image-4603\" alt=\"\" srcset=\"https:\/\/mef.sum.ba\/sme\/wp-content\/uploads\/2025\/01\/Karin-Zibar-Tomsic500-300x300.jpg 300w, https:\/\/mef.sum.ba\/sme\/wp-content\/uploads\/2025\/01\/Karin-Zibar-Tomsic500-80x80.jpg 80w, https:\/\/mef.sum.ba\/sme\/wp-content\/uploads\/2025\/01\/Karin-Zibar-Tomsic500-12x12.jpg 12w, https:\/\/mef.sum.ba\/sme\/wp-content\/uploads\/2025\/01\/Karin-Zibar-Tomsic500.jpg 500w\" sizes=\"(max-width: 300px) 100vw, 300px\" \/><\/figure><div class=\"elementor-image-box-content\"><h3 class=\"elementor-image-box-title\">Karin Zibar Tom\u0161i\u0107<\/h3><p class=\"elementor-image-box-description\">Klini\u010dki bolni\u010dki centar Zagreb, Zagreb<\/p><\/div><\/div>\t\t\t\t<\/div>\n\t\t\t\t<\/div>\n\t\t\t\t<div class=\"elementor-element elementor-element-6d223c3 elementor-position-top elementor-widget elementor-widget-image-box\" data-id=\"6d223c3\" data-element_type=\"widget\" data-e-type=\"widget\" data-widget_type=\"image-box.default\">\n\t\t\t\t<div class=\"elementor-widget-container\">\n\t\t\t\t\t<div class=\"elementor-image-box-wrapper\"><figure class=\"elementor-image-box-img\"><img loading=\"lazy\" decoding=\"async\" width=\"300\" height=\"300\" src=\"https:\/\/mef.sum.ba\/sme\/wp-content\/uploads\/2025\/01\/Jelena-Andric500-300x300.jpg\" class=\"attachment-medium size-medium wp-image-4610\" alt=\"\" srcset=\"https:\/\/mef.sum.ba\/sme\/wp-content\/uploads\/2025\/01\/Jelena-Andric500-300x300.jpg 300w, https:\/\/mef.sum.ba\/sme\/wp-content\/uploads\/2025\/01\/Jelena-Andric500-80x80.jpg 80w, https:\/\/mef.sum.ba\/sme\/wp-content\/uploads\/2025\/01\/Jelena-Andric500-12x12.jpg 12w, https:\/\/mef.sum.ba\/sme\/wp-content\/uploads\/2025\/01\/Jelena-Andric500.jpg 500w\" sizes=\"(max-width: 300px) 100vw, 300px\" \/><\/figure><div class=\"elementor-image-box-content\"><h3 class=\"elementor-image-box-title\">Jelena Andri\u0107 <\/h3><p class=\"elementor-image-box-description\">Klini\u010dka bolnica Dubrava, Zagreb<\/p><\/div><\/div>\t\t\t\t<\/div>\n\t\t\t\t<\/div>\n\t\t\t\t<div class=\"elementor-element elementor-element-0dede71 elementor-position-top elementor-widget elementor-widget-image-box\" data-id=\"0dede71\" data-element_type=\"widget\" data-e-type=\"widget\" data-widget_type=\"image-box.default\">\n\t\t\t\t<div class=\"elementor-widget-container\">\n\t\t\t\t\t<div class=\"elementor-image-box-wrapper\"><figure class=\"elementor-image-box-img\"><img loading=\"lazy\" decoding=\"async\" width=\"300\" height=\"300\" src=\"https:\/\/mef.sum.ba\/sme\/wp-content\/uploads\/2025\/01\/Enra-Desevic500-300x300.jpg\" class=\"attachment-medium size-medium wp-image-4629\" alt=\"\" srcset=\"https:\/\/mef.sum.ba\/sme\/wp-content\/uploads\/2025\/01\/Enra-Desevic500-300x300.jpg 300w, https:\/\/mef.sum.ba\/sme\/wp-content\/uploads\/2025\/01\/Enra-Desevic500-80x80.jpg 80w, https:\/\/mef.sum.ba\/sme\/wp-content\/uploads\/2025\/01\/Enra-Desevic500-12x12.jpg 12w, https:\/\/mef.sum.ba\/sme\/wp-content\/uploads\/2025\/01\/Enra-Desevic500.jpg 500w\" sizes=\"(max-width: 300px) 100vw, 300px\" \/><\/figure><div class=\"elementor-image-box-content\"><h3 class=\"elementor-image-box-title\">Enra \u0110e\u0161evi\u0107 <\/h3><p class=\"elementor-image-box-description\">Klini\u010dki centar Univerziteta u Sarajevu, Sarajevo<\/p><\/div><\/div>\t\t\t\t<\/div>\n\t\t\t\t<\/div>\n\t\t\t\t<div class=\"elementor-element elementor-element-d650fb6 elementor-position-top elementor-widget elementor-widget-image-box\" data-id=\"d650fb6\" data-element_type=\"widget\" data-e-type=\"widget\" data-widget_type=\"image-box.default\">\n\t\t\t\t<div class=\"elementor-widget-container\">\n\t\t\t\t\t<div class=\"elementor-image-box-wrapper\"><figure class=\"elementor-image-box-img\"><img loading=\"lazy\" decoding=\"async\" width=\"300\" height=\"300\" src=\"https:\/\/mef.sum.ba\/sme\/wp-content\/uploads\/2025\/01\/Katja-Dumic-Kubat500-300x300.jpg\" class=\"attachment-medium size-medium wp-image-4639\" alt=\"\" srcset=\"https:\/\/mef.sum.ba\/sme\/wp-content\/uploads\/2025\/01\/Katja-Dumic-Kubat500-300x300.jpg 300w, https:\/\/mef.sum.ba\/sme\/wp-content\/uploads\/2025\/01\/Katja-Dumic-Kubat500-80x80.jpg 80w, https:\/\/mef.sum.ba\/sme\/wp-content\/uploads\/2025\/01\/Katja-Dumic-Kubat500-12x12.jpg 12w, https:\/\/mef.sum.ba\/sme\/wp-content\/uploads\/2025\/01\/Katja-Dumic-Kubat500.jpg 500w\" sizes=\"(max-width: 300px) 100vw, 300px\" \/><\/figure><div class=\"elementor-image-box-content\"><h3 class=\"elementor-image-box-title\">Katja Dumi\u0107 Kubat <\/h3><p class=\"elementor-image-box-description\">Klini\u010dki bolni\u010dki centar Zagreb, Zagreb<\/p><\/div><\/div>\t\t\t\t<\/div>\n\t\t\t\t<\/div>\n\t\t\t\t<div class=\"elementor-element elementor-element-55fb411 elementor-position-top elementor-widget elementor-widget-image-box\" data-id=\"55fb411\" data-element_type=\"widget\" data-e-type=\"widget\" data-widget_type=\"image-box.default\">\n\t\t\t\t<div class=\"elementor-widget-container\">\n\t\t\t\t\t<div class=\"elementor-image-box-wrapper\"><figure class=\"elementor-image-box-img\"><img loading=\"lazy\" decoding=\"async\" width=\"300\" height=\"300\" src=\"https:\/\/mef.sum.ba\/sme\/wp-content\/uploads\/2025\/01\/Anja-Barac-Nekic500-300x300.jpg\" class=\"attachment-medium size-medium wp-image-4649\" alt=\"\" srcset=\"https:\/\/mef.sum.ba\/sme\/wp-content\/uploads\/2025\/01\/Anja-Barac-Nekic500-300x300.jpg 300w, https:\/\/mef.sum.ba\/sme\/wp-content\/uploads\/2025\/01\/Anja-Barac-Nekic500-80x80.jpg 80w, https:\/\/mef.sum.ba\/sme\/wp-content\/uploads\/2025\/01\/Anja-Barac-Nekic500-12x12.jpg 12w, https:\/\/mef.sum.ba\/sme\/wp-content\/uploads\/2025\/01\/Anja-Barac-Nekic500.jpg 500w\" sizes=\"(max-width: 300px) 100vw, 300px\" \/><\/figure><div class=\"elementor-image-box-content\"><h3 class=\"elementor-image-box-title\">Anja Bara\u010d Neki\u0107<\/h3><p class=\"elementor-image-box-description\">Klini\u010dki bolni\u010dki centar Zagreb, Zagreb<\/p><\/div><\/div>\t\t\t\t<\/div>\n\t\t\t\t<\/div>\n\t\t\t\t<div class=\"elementor-element elementor-element-6b7412b elementor-position-top elementor-widget elementor-widget-image-box\" data-id=\"6b7412b\" data-element_type=\"widget\" data-e-type=\"widget\" data-widget_type=\"image-box.default\">\n\t\t\t\t<div class=\"elementor-widget-container\">\n\t\t\t\t\t<div class=\"elementor-image-box-wrapper\"><figure class=\"elementor-image-box-img\"><img loading=\"lazy\" decoding=\"async\" width=\"300\" height=\"288\" src=\"https:\/\/mef.sum.ba\/sme\/wp-content\/uploads\/2025\/01\/10-Ljiljana-Marina-Univerzitetski-klinicki-centar-Srbije-Beograd-300x288.jpg\" class=\"attachment-medium size-medium wp-image-4656\" alt=\"\" srcset=\"https:\/\/mef.sum.ba\/sme\/wp-content\/uploads\/2025\/01\/10-Ljiljana-Marina-Univerzitetski-klinicki-centar-Srbije-Beograd-300x288.jpg 300w, https:\/\/mef.sum.ba\/sme\/wp-content\/uploads\/2025\/01\/10-Ljiljana-Marina-Univerzitetski-klinicki-centar-Srbije-Beograd-12x12.jpg 12w, https:\/\/mef.sum.ba\/sme\/wp-content\/uploads\/2025\/01\/10-Ljiljana-Marina-Univerzitetski-klinicki-centar-Srbije-Beograd.jpg 440w\" sizes=\"(max-width: 300px) 100vw, 300px\" \/><\/figure><div class=\"elementor-image-box-content\"><h3 class=\"elementor-image-box-title\">Ljiljana Marina <\/h3><p class=\"elementor-image-box-description\">Univerzitetski klini\u010dki centar Srbije, Beograd<\/p><\/div><\/div>\t\t\t\t<\/div>\n\t\t\t\t<\/div>\n\t\t\t\t<div class=\"elementor-element elementor-element-73e3f2e elementor-position-top elementor-widget elementor-widget-image-box\" data-id=\"73e3f2e\" data-element_type=\"widget\" data-e-type=\"widget\" data-widget_type=\"image-box.default\">\n\t\t\t\t<div class=\"elementor-widget-container\">\n\t\t\t\t\t<div class=\"elementor-image-box-wrapper\"><figure class=\"elementor-image-box-img\"><img loading=\"lazy\" decoding=\"async\" width=\"300\" height=\"300\" src=\"https:\/\/mef.sum.ba\/sme\/wp-content\/uploads\/2025\/01\/Tamara-Dojcinovic500-300x300.jpg\" class=\"attachment-medium size-medium wp-image-4663\" alt=\"\" srcset=\"https:\/\/mef.sum.ba\/sme\/wp-content\/uploads\/2025\/01\/Tamara-Dojcinovic500-300x300.jpg 300w, https:\/\/mef.sum.ba\/sme\/wp-content\/uploads\/2025\/01\/Tamara-Dojcinovic500-80x80.jpg 80w, https:\/\/mef.sum.ba\/sme\/wp-content\/uploads\/2025\/01\/Tamara-Dojcinovic500-12x12.jpg 12w, https:\/\/mef.sum.ba\/sme\/wp-content\/uploads\/2025\/01\/Tamara-Dojcinovic500.jpg 500w\" sizes=\"(max-width: 300px) 100vw, 300px\" \/><\/figure><div class=\"elementor-image-box-content\"><h3 class=\"elementor-image-box-title\">Tamara Doj\u010dinovi\u0107<\/h3><p class=\"elementor-image-box-description\">Univerzitetski klini\u010dki centar Republike Srpske, Banja Luka<\/p><\/div><\/div>\t\t\t\t<\/div>\n\t\t\t\t<\/div>\n\t\t\t\t<div class=\"elementor-element elementor-element-82b6afd elementor-position-top elementor-widget elementor-widget-image-box\" data-id=\"82b6afd\" data-element_type=\"widget\" data-e-type=\"widget\" data-widget_type=\"image-box.default\">\n\t\t\t\t<div class=\"elementor-widget-container\">\n\t\t\t\t\t<div class=\"elementor-image-box-wrapper\"><figure class=\"elementor-image-box-img\"><img loading=\"lazy\" decoding=\"async\" width=\"300\" height=\"300\" src=\"https:\/\/mef.sum.ba\/sme\/wp-content\/uploads\/2025\/01\/Jelena-Malinovic-Pancic500-300x300.jpg\" class=\"attachment-medium size-medium wp-image-4670\" alt=\"\" srcset=\"https:\/\/mef.sum.ba\/sme\/wp-content\/uploads\/2025\/01\/Jelena-Malinovic-Pancic500-300x300.jpg 300w, https:\/\/mef.sum.ba\/sme\/wp-content\/uploads\/2025\/01\/Jelena-Malinovic-Pancic500-80x80.jpg 80w, https:\/\/mef.sum.ba\/sme\/wp-content\/uploads\/2025\/01\/Jelena-Malinovic-Pancic500-12x12.jpg 12w, https:\/\/mef.sum.ba\/sme\/wp-content\/uploads\/2025\/01\/Jelena-Malinovic-Pancic500.jpg 500w\" sizes=\"(max-width: 300px) 100vw, 300px\" \/><\/figure><div class=\"elementor-image-box-content\"><h3 class=\"elementor-image-box-title\">Jelena Malinovi\u0107 Pan\u010di\u0107<\/h3><p class=\"elementor-image-box-description\">Univerzitetski klini\u010dki centar Republike Srpske, Banja Luka<\/p><\/div><\/div>\t\t\t\t<\/div>\n\t\t\t\t<\/div>\n\t\t\t\t<div class=\"elementor-element elementor-element-cf45cea elementor-position-top elementor-widget elementor-widget-image-box\" data-id=\"cf45cea\" data-element_type=\"widget\" data-e-type=\"widget\" data-widget_type=\"image-box.default\">\n\t\t\t\t<div class=\"elementor-widget-container\">\n\t\t\t\t\t<div class=\"elementor-image-box-wrapper\"><figure class=\"elementor-image-box-img\"><img loading=\"lazy\" decoding=\"async\" width=\"300\" height=\"300\" src=\"https:\/\/mef.sum.ba\/sme\/wp-content\/uploads\/2025\/01\/Sanja-Medenica500-300x300.jpg\" class=\"attachment-medium size-medium wp-image-4677\" alt=\"\" srcset=\"https:\/\/mef.sum.ba\/sme\/wp-content\/uploads\/2025\/01\/Sanja-Medenica500-300x300.jpg 300w, https:\/\/mef.sum.ba\/sme\/wp-content\/uploads\/2025\/01\/Sanja-Medenica500-80x80.jpg 80w, https:\/\/mef.sum.ba\/sme\/wp-content\/uploads\/2025\/01\/Sanja-Medenica500-12x12.jpg 12w, https:\/\/mef.sum.ba\/sme\/wp-content\/uploads\/2025\/01\/Sanja-Medenica500.jpg 500w\" sizes=\"(max-width: 300px) 100vw, 300px\" \/><\/figure><div class=\"elementor-image-box-content\"><h3 class=\"elementor-image-box-title\">Sanja Medenica<\/h3><p class=\"elementor-image-box-description\">Klini\u010dki centar Crne Gore, Podgorica<\/p><\/div><\/div>\t\t\t\t<\/div>\n\t\t\t\t<\/div>\n\t\t\t\t\t<\/div>\n\t\t\t\t<\/div>\n\t\t\t\t<\/div>\n\t\t","protected":false},"excerpt":{"rendered":"<p>Stranica 1Stranica 2Stranica 3Stranica 4Stranica 5Stranica 6Stranica 7Stranica 8 Previous slide Next slide Predava\u010di Danijel Pravdi\u0107 Sveu\u010dili\u0161na klini\u010dka bolnica Mostar, Mostar Cvetanka Volkanovska Ilijevska University clinic for endocrinology, diabetes and metabolic disorders, Skopje Rok Vr\u010dkovnik Univerzitetni klini\u010dni center Ljubljana, Ljubljana Iva Rasuli\u0107 Univerzitetski klini\u010dki centar Srbije, Beograd Emir Muzurovi\u0107 Klini\u010dki centar Crne Gore, Podgorica Karin [&hellip;]<\/p>\n","protected":false},"author":1,"featured_media":0,"parent":0,"menu_order":0,"comment_status":"closed","ping_status":"closed","template":"","meta":{"footnotes":""},"class_list":["post-4375","page","type-page","status-publish","hentry"],"blocksy_meta":[],"_links":{"self":[{"href":"https:\/\/mef.sum.ba\/sme\/wp-json\/wp\/v2\/pages\/4375","targetHints":{"allow":["GET"]}}],"collection":[{"href":"https:\/\/mef.sum.ba\/sme\/wp-json\/wp\/v2\/pages"}],"about":[{"href":"https:\/\/mef.sum.ba\/sme\/wp-json\/wp\/v2\/types\/page"}],"author":[{"embeddable":true,"href":"https:\/\/mef.sum.ba\/sme\/wp-json\/wp\/v2\/users\/1"}],"replies":[{"embeddable":true,"href":"https:\/\/mef.sum.ba\/sme\/wp-json\/wp\/v2\/comments?post=4375"}],"version-history":[{"count":172,"href":"https:\/\/mef.sum.ba\/sme\/wp-json\/wp\/v2\/pages\/4375\/revisions"}],"predecessor-version":[{"id":4940,"href":"https:\/\/mef.sum.ba\/sme\/wp-json\/wp\/v2\/pages\/4375\/revisions\/4940"}],"wp:attachment":[{"href":"https:\/\/mef.sum.ba\/sme\/wp-json\/wp\/v2\/media?parent=4375"}],"curies":[{"name":"wp","href":"https:\/\/api.w.org\/{rel}","templated":true}]}}