{"id":1034,"date":"2024-02-10T13:42:35","date_gmt":"2024-02-10T13:42:35","guid":{"rendered":"https:\/\/startersites.io\/elementor\/smile-dent\/?page_id=1034"},"modified":"2025-01-09T14:11:13","modified_gmt":"2025-01-09T13:11:13","slug":"about-us","status":"publish","type":"page","link":"https:\/\/mef.sum.ba\/sme\/about-us\/","title":{"rendered":"O nama"},"content":{"rendered":"\t\t<div data-elementor-type=\"wp-page\" data-elementor-id=\"1034\" class=\"elementor elementor-1034\" data-elementor-post-type=\"page\">\n\t\t\t\t<div class=\"elementor-element elementor-element-21fc403 e-flex e-con-boxed e-con e-parent\" data-id=\"21fc403\" data-element_type=\"container\" data-e-type=\"container\">\n\t\t\t\t\t<div class=\"e-con-inner\">\n\t\t<div class=\"elementor-element elementor-element-3b99d1b e-flex e-con-boxed e-con e-child\" data-id=\"3b99d1b\" data-element_type=\"container\" data-e-type=\"container\" data-settings=\"{&quot;background_background&quot;:&quot;classic&quot;}\">\n\t\t\t\t\t<div class=\"e-con-inner\">\n\t\t<div class=\"elementor-element elementor-element-808fb92 e-con-full e-flex e-con e-child\" data-id=\"808fb92\" data-element_type=\"container\" data-e-type=\"container\">\n\t\t<div class=\"elementor-element elementor-element-d19b160 e-con-full e-flex e-con e-child\" data-id=\"d19b160\" data-element_type=\"container\" data-e-type=\"container\">\n\t\t\t\t<div class=\"elementor-element elementor-element-4ba05b2 elementor-widget elementor-widget-heading\" data-id=\"4ba05b2\" data-element_type=\"widget\" data-e-type=\"widget\" data-widget_type=\"heading.default\">\n\t\t\t\t<div class=\"elementor-widget-container\">\n\t\t\t\t\t<h2 class=\"elementor-heading-title elementor-size-default\">O nama<\/h2>\t\t\t\t<\/div>\n\t\t\t\t<\/div>\n\t\t\t\t<div class=\"elementor-element elementor-element-bbcb784 elementor-widget elementor-widget-text-editor\" data-id=\"bbcb784\" data-element_type=\"widget\" data-e-type=\"widget\" data-widget_type=\"text-editor.default\">\n\t\t\t\t<div class=\"elementor-widget-container\">\n\t\t\t\t\t\t\t\t\t<p>Nakon \u0161to je Regionalni simpozij mladih endokrinologa uspje\u0161no odr\u017ean ve\u0107 \u010detiri puta, nastavljamo dalje s kru\u017eenjem po zemljama regije. Sekcija mladih endokrinologa Hrvatskog dru\u0161tva za endokrinologiju i dijabetologiju pokrenula je ovaj veliki regionalni projekt 2021. godine. Prva dva Simpozija su odr\u017eana <em>online<\/em> zbog pandemije COVID-19. Zabilje\u017eili su zna\u010dajan uspjeh i na istima je sudjelovalo oko 300 lije\u010dnika iz \u0161est zemalja regije. Tre\u0107i regionalni simpozij mladih endokrinologa odr\u017ean je 2022. godine u Osijeku. To je bila prilika za dru\u017eenje u\u017eivo i daljnje stvaranje veza izme\u0111u mladih endokrinologa. \u010cetvrti regionalni simpozij mladih endokrinologa odr\u017ean je u 4. mjesecu 2024. godine u Beogradu. Okupio je veliki broj sudionika iz regije, a i \u0161ire, koji su nesebi\u010dno dijelili svoja iskustva o razli\u010ditim endokrinolo\u0161kim temama (#wegrowtogether \u2013 kako su to izvrsno naveli kolegice i kolege iz Beograda).\u00a0 \u00a0 \u00a0<\/p>\t\t\t\t\t\t\t\t<\/div>\n\t\t\t\t<\/div>\n\t\t\t\t<\/div>\n\t\t\t\t<\/div>\n\t\t<div class=\"elementor-element elementor-element-ee88ee0 e-con-full e-flex elementor-invisible e-con e-child\" data-id=\"ee88ee0\" data-element_type=\"container\" data-e-type=\"container\" data-settings=\"{&quot;motion_fx_motion_fx_scrolling&quot;:&quot;yes&quot;,&quot;animation&quot;:&quot;zoomIn&quot;,&quot;motion_fx_devices&quot;:[&quot;desktop&quot;,&quot;tablet&quot;,&quot;mobile&quot;]}\">\n\t\t\t\t<div class=\"elementor-element elementor-element-876b21e e-transform elementor-widget elementor-widget-image\" data-id=\"876b21e\" data-element_type=\"widget\" data-e-type=\"widget\" data-settings=\"{&quot;_transform_rotateZ_effect&quot;:{&quot;unit&quot;:&quot;px&quot;,&quot;size&quot;:&quot;&quot;,&quot;sizes&quot;:[]},&quot;_transform_rotateZ_effect_tablet&quot;:{&quot;unit&quot;:&quot;deg&quot;,&quot;size&quot;:&quot;&quot;,&quot;sizes&quot;:[]},&quot;_transform_rotateZ_effect_mobile&quot;:{&quot;unit&quot;:&quot;deg&quot;,&quot;size&quot;:&quot;&quot;,&quot;sizes&quot;:[]}}\" data-widget_type=\"image.default\">\n\t\t\t\t<div class=\"elementor-widget-container\">\n\t\t\t\t\t\t\t\t\t\t\t\t\t\t\t<img fetchpriority=\"high\" decoding=\"async\" width=\"1024\" height=\"768\" src=\"https:\/\/mef.sum.ba\/sme\/wp-content\/uploads\/2024\/12\/2.-Simpozij-u-Osijeku.jpeg\" class=\"attachment-large size-large wp-image-3803\" alt=\"\" srcset=\"https:\/\/mef.sum.ba\/sme\/wp-content\/uploads\/2024\/12\/2.-Simpozij-u-Osijeku.jpeg 1024w, https:\/\/mef.sum.ba\/sme\/wp-content\/uploads\/2024\/12\/2.-Simpozij-u-Osijeku-300x225.jpeg 300w, https:\/\/mef.sum.ba\/sme\/wp-content\/uploads\/2024\/12\/2.-Simpozij-u-Osijeku-768x576.jpeg 768w, https:\/\/mef.sum.ba\/sme\/wp-content\/uploads\/2024\/12\/2.-Simpozij-u-Osijeku-16x12.jpeg 16w\" sizes=\"(max-width: 1024px) 100vw, 1024px\" \/>\t\t\t\t\t\t\t\t\t\t\t\t\t\t\t<\/div>\n\t\t\t\t<\/div>\n\t\t\t\t<\/div>\n\t\t\t\t\t<\/div>\n\t\t\t\t<\/div>\n\t\t\t\t\t<\/div>\n\t\t\t\t<\/div>\n\t\t<div class=\"elementor-element elementor-element-05d5f64 e-flex e-con-boxed e-con e-parent\" data-id=\"05d5f64\" data-element_type=\"container\" data-e-type=\"container\">\n\t\t\t\t\t<div class=\"e-con-inner\">\n\t\t<div class=\"elementor-element elementor-element-3d05ddc e-con-full e-flex e-con e-child\" data-id=\"3d05ddc\" data-element_type=\"container\" data-e-type=\"container\" data-settings=\"{&quot;background_background&quot;:&quot;classic&quot;}\">\n\t\t\t\t<div class=\"elementor-element elementor-element-14fa9a9 elementor-invisible elementor-widget elementor-widget-image\" data-id=\"14fa9a9\" data-element_type=\"widget\" data-e-type=\"widget\" data-settings=\"{&quot;motion_fx_motion_fx_scrolling&quot;:&quot;yes&quot;,&quot;_animation&quot;:&quot;zoomIn&quot;,&quot;motion_fx_devices&quot;:[&quot;desktop&quot;,&quot;tablet&quot;,&quot;mobile&quot;]}\" data-widget_type=\"image.default\">\n\t\t\t\t<div class=\"elementor-widget-container\">\n\t\t\t\t\t\t\t\t\t\t\t\t\t\t\t<img decoding=\"async\" width=\"1000\" height=\"667\" src=\"https:\/\/mef.sum.ba\/sme\/wp-content\/uploads\/2024\/12\/Simpozij-u-Beogradu1000.jpg\" class=\"attachment-large size-large wp-image-3907\" alt=\"\" srcset=\"https:\/\/mef.sum.ba\/sme\/wp-content\/uploads\/2024\/12\/Simpozij-u-Beogradu1000.jpg 1000w, https:\/\/mef.sum.ba\/sme\/wp-content\/uploads\/2024\/12\/Simpozij-u-Beogradu1000-300x200.jpg 300w, https:\/\/mef.sum.ba\/sme\/wp-content\/uploads\/2024\/12\/Simpozij-u-Beogradu1000-768x512.jpg 768w, https:\/\/mef.sum.ba\/sme\/wp-content\/uploads\/2024\/12\/Simpozij-u-Beogradu1000-18x12.jpg 18w\" sizes=\"(max-width: 1000px) 100vw, 1000px\" \/>\t\t\t\t\t\t\t\t\t\t\t\t\t\t\t<\/div>\n\t\t\t\t<\/div>\n\t\t\t\t<\/div>\n\t\t<div class=\"elementor-element elementor-element-37c51f6 e-con-full e-flex e-con e-child\" data-id=\"37c51f6\" data-element_type=\"container\" data-e-type=\"container\">\n\t\t\t\t<div class=\"elementor-element elementor-element-793e645 elementor-widget elementor-widget-text-editor\" data-id=\"793e645\" data-element_type=\"widget\" data-e-type=\"widget\" data-widget_type=\"text-editor.default\">\n\t\t\t\t<div class=\"elementor-widget-container\">\n\t\t\t\t\t\t\t\t\t<p style=\"text-align: left;\">Peti regionalni simpozij mladih endokrinologa \u0107e biti odr\u017ean od 4. do 6. 4. 2025. godine u Mostaru. \u010cast za organizaciju ovog Simpozija pripala je Klini\u010dkom odjelu za endokrinologiju i dijabetologiju Sveu\u010dili\u0161ne klini\u010dke bolnice Mostar i Medicinskom fakultetu Sveu\u010dili\u0161ta u Mostaru. Kao i ranijih godina, cilj Simpozija je povezivanje specijalizanata i mladih specijalista endokrinologije i dijabetologije, kao i srodnih podru\u010dja, uz aktualne teme i novosti iz endokrinologije i dijabetologije. Simpozij \u0107e okupiti mlade lije\u010dnike iz \u0161est zemalja regije (Crna Gora, Hrvatska, Sjeverna Makedonija, Slovenija, Srbija te Bosna i Hercegovina kao zemlja doma\u0107in). Najiskrenije se radujemo skorom dru\u017eenju u Mostaru i s veseljem o\u010dekujemo na\u0161e kolegice i kolege iz regije!<\/p><p>\u00a0<\/p>\t\t\t\t\t\t\t\t<\/div>\n\t\t\t\t<\/div>\n\t\t\t\t<\/div>\n\t\t\t\t\t<\/div>\n\t\t\t\t<\/div>\n\t\t<div class=\"elementor-element elementor-element-9a04599 e-flex e-con-boxed e-con e-parent\" data-id=\"9a04599\" data-element_type=\"container\" data-e-type=\"container\">\n\t\t\t\t\t<div class=\"e-con-inner\">\n\t\t\t\t<div class=\"elementor-element elementor-element-2fb1321 elementor-widget elementor-widget-heading\" data-id=\"2fb1321\" data-element_type=\"widget\" data-e-type=\"widget\" data-widget_type=\"heading.default\">\n\t\t\t\t<div class=\"elementor-widget-container\">\n\t\t\t\t\t<h2 class=\"elementor-heading-title elementor-size-default\">Organizacijski odbor<\/h2>\t\t\t\t<\/div>\n\t\t\t\t<\/div>\n\t\t\t\t<div class=\"elementor-element elementor-element-17736aa elementor-widget__width-initial elementor-widget elementor-widget-text-editor\" data-id=\"17736aa\" data-element_type=\"widget\" data-e-type=\"widget\" data-widget_type=\"text-editor.default\">\n\t\t\t\t<div class=\"elementor-widget-container\">\n\t\t\t\t\t\t\t\t\t<p>Petog regionalnog simpozija mladih endokrinologa<\/p>\t\t\t\t\t\t\t\t<\/div>\n\t\t\t\t<\/div>\n\t\t\t\t\t<\/div>\n\t\t\t\t<\/div>\n\t\t<div class=\"elementor-element elementor-element-4342fdc e-flex e-con-boxed e-con e-parent\" data-id=\"4342fdc\" data-element_type=\"container\" data-e-type=\"container\">\n\t\t\t\t\t<div class=\"e-con-inner\">\n\t\t<div class=\"elementor-element elementor-element-132c041 e-con-full e-flex e-con e-child\" data-id=\"132c041\" data-element_type=\"container\" data-e-type=\"container\">\n\t\t<div class=\"elementor-element elementor-element-2c2dacf e-con-full e-flex e-con e-child\" data-id=\"2c2dacf\" data-element_type=\"container\" data-e-type=\"container\">\n\t\t<div class=\"elementor-element elementor-element-e22ffbb e-con-full e-flex e-con e-child\" data-id=\"e22ffbb\" data-element_type=\"container\" data-e-type=\"container\">\n\t\t\t\t<div class=\"elementor-element elementor-element-c384601 elementor-widget elementor-widget-text-editor\" data-id=\"c384601\" data-element_type=\"widget\" data-e-type=\"widget\" data-widget_type=\"text-editor.default\">\n\t\t\t\t<div class=\"elementor-widget-container\">\n\t\t\t\t\t\t\t\t\t<ul><li><strong>Ante Mandi\u0107<\/strong><br \/>Klini\u010dki odjel za endokrinologiju i dijabetologiju, Sveu\u010dili\u0161na klini\u010dka bolnica Mostar, Mostar<\/li><li><strong>Danijel Pravdi\u0107<\/strong><br \/>Klini\u010dki odjel za endokrinologiju i dijabetologiju, Sveu\u010dili\u0161na klini\u010dka bolnica Mostar, Mostar<\/li><li><strong>Sanja Bevanda<\/strong><br \/>Klini\u010dki odjel za endokrinologiju i dijabetologiju, Sveu\u010dili\u0161na klini\u010dka bolnica Mostar, Mostar<\/li><li><strong>Ana Bo\u017ei\u0107<\/strong><br \/>Klini\u010dki odjel za endokrinologiju i dijabetologiju, Sveu\u010dili\u0161na klini\u010dka bolnica Mostar, Mostar<\/li><li><strong>Katarina Primorac<\/strong><br \/>Klini\u010dki odjel za endokrinologiju i dijabetologiju, Sveu\u010dili\u0161na klini\u010dka bolnica Mostar, Mostar<\/li><\/ul>\t\t\t\t\t\t\t\t<\/div>\n\t\t\t\t<\/div>\n\t\t\t\t<\/div>\n\t\t\t\t<\/div>\n\t\t\t\t<\/div>\n\t\t<div class=\"elementor-element elementor-element-55140ae e-con-full e-flex e-con e-child\" data-id=\"55140ae\" data-element_type=\"container\" data-e-type=\"container\">\n\t\t\t\t<div class=\"elementor-element elementor-element-edfd5af elementor-widget elementor-widget-text-editor\" data-id=\"edfd5af\" data-element_type=\"widget\" data-e-type=\"widget\" data-widget_type=\"text-editor.default\">\n\t\t\t\t<div class=\"elementor-widget-container\">\n\t\t\t\t\t\t\t\t\t<ul><li><strong>Ivana Bevanda<\/strong><br \/>Klini\u010dki odjel za endokrinologiju i dijabetologiju, Sveu\u010dili\u0161na klini\u010dka bolnica Mostar, Mostar<\/li><li><strong>Lovro \u0160imunovi\u0107<\/strong><br \/>Klini\u010dki odjel za endokrinologiju i dijabetologiju, Sveu\u010dili\u0161na klini\u010dka bolnica Mostar, Mostar<\/li><li><strong>Jasmina Muji\u0107 Kajan<\/strong><br \/>Odjel interne medicine, Kantonalna bolnica \u201cDr. Safet Muji\u0107\u201d, Mostar<\/li><li><strong>Anja Bara\u010d Neki\u0107<\/strong><br \/>Zavod za endokrinologiju, Klini\u010dki bolni\u010dki centar Zagreb, Zagreb<\/li><li><strong>Karin Zibar Tom\u0161i\u0107<\/strong><br \/>Zavod za endokrinologiju, Klini\u010dki bolni\u010dki centar Zagreb, Zagreb<\/li><\/ul>\t\t\t\t\t\t\t\t<\/div>\n\t\t\t\t<\/div>\n\t\t\t\t<\/div>\n\t\t\t\t\t<\/div>\n\t\t\t\t<\/div>\n\t\t\t\t<\/div>\n\t\t","protected":false},"excerpt":{"rendered":"<p>O nama Nakon \u0161to je Regionalni simpozij mladih endokrinologa uspje\u0161no odr\u017ean ve\u0107 \u010detiri puta, nastavljamo dalje s kru\u017eenjem po zemljama regije. Sekcija mladih endokrinologa Hrvatskog dru\u0161tva za endokrinologiju i dijabetologiju pokrenula je ovaj veliki regionalni projekt 2021. godine. Prva dva Simpozija su odr\u017eana online zbog pandemije COVID-19. Zabilje\u017eili su zna\u010dajan uspjeh i na istima je [&hellip;]<\/p>\n","protected":false},"author":1,"featured_media":0,"parent":0,"menu_order":0,"comment_status":"closed","ping_status":"closed","template":"","meta":{"footnotes":""},"class_list":["post-1034","page","type-page","status-publish","hentry"],"blocksy_meta":{"has_hero_section":"disabled","vertical_spacing_source":"custom","content_area_spacing":"none","styles_descriptor":{"styles":{"desktop":"","tablet":"","mobile":""},"google_fonts":[],"version":6}},"_links":{"self":[{"href":"https:\/\/mef.sum.ba\/sme\/wp-json\/wp\/v2\/pages\/1034","targetHints":{"allow":["GET"]}}],"collection":[{"href":"https:\/\/mef.sum.ba\/sme\/wp-json\/wp\/v2\/pages"}],"about":[{"href":"https:\/\/mef.sum.ba\/sme\/wp-json\/wp\/v2\/types\/page"}],"author":[{"embeddable":true,"href":"https:\/\/mef.sum.ba\/sme\/wp-json\/wp\/v2\/users\/1"}],"replies":[{"embeddable":true,"href":"https:\/\/mef.sum.ba\/sme\/wp-json\/wp\/v2\/comments?post=1034"}],"version-history":[{"count":151,"href":"https:\/\/mef.sum.ba\/sme\/wp-json\/wp\/v2\/pages\/1034\/revisions"}],"predecessor-version":[{"id":4556,"href":"https:\/\/mef.sum.ba\/sme\/wp-json\/wp\/v2\/pages\/1034\/revisions\/4556"}],"wp:attachment":[{"href":"https:\/\/mef.sum.ba\/sme\/wp-json\/wp\/v2\/media?parent=1034"}],"curies":[{"name":"wp","href":"https:\/\/api.w.org\/{rel}","templated":true}]}}