{"id":4228,"date":"2021-02-01T08:28:21","date_gmt":"2021-02-01T07:28:21","guid":{"rendered":"https:\/\/mef.sum.ba\/histologija\/?page_id=4228"},"modified":"2021-02-01T11:00:03","modified_gmt":"2021-02-01T10:00:03","slug":"zivcani-sustav","status":"publish","type":"page","link":"https:\/\/mef.sum.ba\/histologija\/?page_id=4228","title":{"rendered":"\u017div\u010dani sustav"},"content":{"rendered":"<section class=\"wpb-content-wrapper\"><p>[vc_row][vc_column][vc_column_text]<\/p>\n<ul>\n<li>\n<h4><a href=\"https:\/\/mef.sum.ba\/histologija\/?page_id=4231\">Cerebrospinalni ganglij<\/a><\/h4>\n<\/li>\n<li>\n<h4><a href=\"https:\/\/mef.sum.ba\/histologija\/?page_id=4254\">Kralje\u017eni\u010dka mo\u017edina<\/a><\/h4>\n<\/li>\n<li>\n<h4><a href=\"https:\/\/mef.sum.ba\/histologija\/?page_id=4263\">Mali mozak<\/a><\/h4>\n<\/li>\n<li>\n<h4><a href=\"https:\/\/mef.sum.ba\/histologija\/?page_id=4274\">Periferni \u017eivac<\/a><\/h4>\n<\/li>\n<li>\n<h4><a href=\"https:\/\/mef.sum.ba\/histologija\/?page_id=4283\">Vegetativni ganglij<\/a><\/h4>\n<\/li>\n<li>\n<h4><a href=\"https:\/\/mef.sum.ba\/histologija\/?page_id=4292\">Veliki mozak<\/a><\/h4>\n<\/li>\n<\/ul>\n<p>[\/vc_column_text][\/vc_column][\/vc_row]<\/p>\n<\/section>","protected":false},"excerpt":{"rendered":"<p>[vc_row][vc_column][vc_column_text] Cerebrospinalni ganglij Kralje\u017eni\u010dka mo\u017edina Mali mozak Periferni \u017eivac Vegetativni ganglij Veliki mozak [\/vc_column_text][\/vc_column][\/vc_row]<\/p>\n","protected":false},"author":1,"featured_media":0,"parent":0,"menu_order":0,"comment_status":"closed","ping_status":"closed","template":"","meta":{"footnotes":""},"class_list":["post-4228","page","type-page","status-publish","hentry"],"_links":{"self":[{"href":"https:\/\/mef.sum.ba\/histologija\/index.php?rest_route=\/wp\/v2\/pages\/4228","targetHints":{"allow":["GET"]}}],"collection":[{"href":"https:\/\/mef.sum.ba\/histologija\/index.php?rest_route=\/wp\/v2\/pages"}],"about":[{"href":"https:\/\/mef.sum.ba\/histologija\/index.php?rest_route=\/wp\/v2\/types\/page"}],"author":[{"embeddable":true,"href":"https:\/\/mef.sum.ba\/histologija\/index.php?rest_route=\/wp\/v2\/users\/1"}],"replies":[{"embeddable":true,"href":"https:\/\/mef.sum.ba\/histologija\/index.php?rest_route=%2Fwp%2Fv2%2Fcomments&post=4228"}],"version-history":[{"count":4,"href":"https:\/\/mef.sum.ba\/histologija\/index.php?rest_route=\/wp\/v2\/pages\/4228\/revisions"}],"predecessor-version":[{"id":4311,"href":"https:\/\/mef.sum.ba\/histologija\/index.php?rest_route=\/wp\/v2\/pages\/4228\/revisions\/4311"}],"wp:attachment":[{"href":"https:\/\/mef.sum.ba\/histologija\/index.php?rest_route=%2Fwp%2Fv2%2Fmedia&parent=4228"}],"curies":[{"name":"wp","href":"https:\/\/api.w.org\/{rel}","templated":true}]}}