{"id":4216,"date":"2021-01-29T09:12:25","date_gmt":"2021-01-29T08:12:25","guid":{"rendered":"https:\/\/mef.sum.ba\/histologija\/?page_id=4216"},"modified":"2021-01-29T09:12:25","modified_gmt":"2021-01-29T08:12:25","slug":"4-srcani-misic","status":"publish","type":"page","link":"https:\/\/mef.sum.ba\/histologija\/?page_id=4216","title":{"rendered":"4.Sr\u010dani mi\u0161i\u0107"},"content":{"rendered":"<section class=\"wpb-content-wrapper\"><p>[vc_row][vc_column][vc_media_grid element_width=&#8221;6&#8243; item=&#8221;mediaGrid_SlideInTitle&#8221; grid_id=&#8221;vc_gid:1611907770991-e6dcfc65-2870-8&#8243; include=&#8221;4217,4218,4219,4220,4221,4222,4223,4224,4225&#8243;][\/vc_column][\/vc_row]<\/p>\n<\/section>","protected":false},"excerpt":{"rendered":"<p>[vc_row][vc_column][vc_media_grid element_width=&#8221;6&#8243; item=&#8221;mediaGrid_SlideInTitle&#8221; grid_id=&#8221;vc_gid:1611907770991-e6dcfc65-2870-8&#8243; include=&#8221;4217,4218,4219,4220,4221,4222,4223,4224,4225&#8243;][\/vc_column][\/vc_row]<\/p>\n","protected":false},"author":1,"featured_media":0,"parent":4179,"menu_order":0,"comment_status":"closed","ping_status":"closed","template":"","meta":{"footnotes":""},"class_list":["post-4216","page","type-page","status-publish","hentry"],"_links":{"self":[{"href":"https:\/\/mef.sum.ba\/histologija\/index.php?rest_route=\/wp\/v2\/pages\/4216","targetHints":{"allow":["GET"]}}],"collection":[{"href":"https:\/\/mef.sum.ba\/histologija\/index.php?rest_route=\/wp\/v2\/pages"}],"about":[{"href":"https:\/\/mef.sum.ba\/histologija\/index.php?rest_route=\/wp\/v2\/types\/page"}],"author":[{"embeddable":true,"href":"https:\/\/mef.sum.ba\/histologija\/index.php?rest_route=\/wp\/v2\/users\/1"}],"replies":[{"embeddable":true,"href":"https:\/\/mef.sum.ba\/histologija\/index.php?rest_route=%2Fwp%2Fv2%2Fcomments&post=4216"}],"version-history":[{"count":1,"href":"https:\/\/mef.sum.ba\/histologija\/index.php?rest_route=\/wp\/v2\/pages\/4216\/revisions"}],"predecessor-version":[{"id":4226,"href":"https:\/\/mef.sum.ba\/histologija\/index.php?rest_route=\/wp\/v2\/pages\/4216\/revisions\/4226"}],"up":[{"embeddable":true,"href":"https:\/\/mef.sum.ba\/histologija\/index.php?rest_route=\/wp\/v2\/pages\/4179"}],"wp:attachment":[{"href":"https:\/\/mef.sum.ba\/histologija\/index.php?rest_route=%2Fwp%2Fv2%2Fmedia&parent=4216"}],"curies":[{"name":"wp","href":"https:\/\/api.w.org\/{rel}","templated":true}]}}