{"id":4195,"date":"2021-01-29T09:03:17","date_gmt":"2021-01-29T08:03:17","guid":{"rendered":"https:\/\/mef.sum.ba\/histologija\/?page_id=4195"},"modified":"2021-01-29T09:03:17","modified_gmt":"2021-01-29T08:03:17","slug":"2-skeletni-misic-poprecno","status":"publish","type":"page","link":"https:\/\/mef.sum.ba\/histologija\/?page_id=4195","title":{"rendered":"2.Skeletni mi\u0161i\u0107 (popre\u010dno)"},"content":{"rendered":"<section class=\"wpb-content-wrapper\"><p>[vc_row][vc_column][vc_media_grid element_width=&#8221;6&#8243; item=&#8221;mediaGrid_SlideInTitle&#8221; grid_id=&#8221;vc_gid:1611907218487-96dc955a-e647-2&#8243; include=&#8221;4196,4197,4198,4199,4200,4201,4202,4203&#8243;][\/vc_column][\/vc_row]<\/p>\n<\/section>","protected":false},"excerpt":{"rendered":"<p>[vc_row][vc_column][vc_media_grid element_width=&#8221;6&#8243; item=&#8221;mediaGrid_SlideInTitle&#8221; grid_id=&#8221;vc_gid:1611907218487-96dc955a-e647-2&#8243; include=&#8221;4196,4197,4198,4199,4200,4201,4202,4203&#8243;][\/vc_column][\/vc_row]<\/p>\n","protected":false},"author":1,"featured_media":0,"parent":4179,"menu_order":0,"comment_status":"closed","ping_status":"closed","template":"","meta":{"footnotes":""},"class_list":["post-4195","page","type-page","status-publish","hentry"],"_links":{"self":[{"href":"https:\/\/mef.sum.ba\/histologija\/index.php?rest_route=\/wp\/v2\/pages\/4195","targetHints":{"allow":["GET"]}}],"collection":[{"href":"https:\/\/mef.sum.ba\/histologija\/index.php?rest_route=\/wp\/v2\/pages"}],"about":[{"href":"https:\/\/mef.sum.ba\/histologija\/index.php?rest_route=\/wp\/v2\/types\/page"}],"author":[{"embeddable":true,"href":"https:\/\/mef.sum.ba\/histologija\/index.php?rest_route=\/wp\/v2\/users\/1"}],"replies":[{"embeddable":true,"href":"https:\/\/mef.sum.ba\/histologija\/index.php?rest_route=%2Fwp%2Fv2%2Fcomments&post=4195"}],"version-history":[{"count":1,"href":"https:\/\/mef.sum.ba\/histologija\/index.php?rest_route=\/wp\/v2\/pages\/4195\/revisions"}],"predecessor-version":[{"id":4204,"href":"https:\/\/mef.sum.ba\/histologija\/index.php?rest_route=\/wp\/v2\/pages\/4195\/revisions\/4204"}],"up":[{"embeddable":true,"href":"https:\/\/mef.sum.ba\/histologija\/index.php?rest_route=\/wp\/v2\/pages\/4179"}],"wp:attachment":[{"href":"https:\/\/mef.sum.ba\/histologija\/index.php?rest_route=%2Fwp%2Fv2%2Fmedia&parent=4195"}],"curies":[{"name":"wp","href":"https:\/\/api.w.org\/{rel}","templated":true}]}}