{"id":4179,"date":"2021-01-29T08:50:09","date_gmt":"2021-01-29T07:50:09","guid":{"rendered":"https:\/\/mef.sum.ba\/histologija\/?page_id=4179"},"modified":"2021-02-01T10:54:27","modified_gmt":"2021-02-01T09:54:27","slug":"misicni-sustav","status":"publish","type":"page","link":"https:\/\/mef.sum.ba\/histologija\/?page_id=4179","title":{"rendered":"Mi\u0161i\u0107ni sustav"},"content":{"rendered":"<section class=\"wpb-content-wrapper\"><p>[vc_row][vc_column][vc_column_text]<\/p>\n<ul>\n<li>\n<h4><a href=\"https:\/\/mef.sum.ba\/histologija\/?page_id=4182\">Glatki mi\u0161i\u0107<\/a><\/h4>\n<\/li>\n<li>\n<h4><a href=\"https:\/\/mef.sum.ba\/histologija\/?page_id=4195\">Skeletni mi\u0161i\u0107 (popre\u010dno)<\/a><\/h4>\n<\/li>\n<li>\n<h4><a href=\"https:\/\/mef.sum.ba\/histologija\/?page_id=4206\">Skeletni mi\u0161i\u0107 (uzdu\u017eno)<\/a><\/h4>\n<\/li>\n<li>\n<h4><a href=\"https:\/\/mef.sum.ba\/histologija\/?page_id=4216\">Sr\u010dani mi\u0161i\u0107<\/a><\/h4>\n<\/li>\n<\/ul>\n<p>[\/vc_column_text][\/vc_column][\/vc_row]<\/p>\n<\/section>","protected":false},"excerpt":{"rendered":"<p>[vc_row][vc_column][vc_column_text] Glatki mi\u0161i\u0107 Skeletni mi\u0161i\u0107 (popre\u010dno) Skeletni mi\u0161i\u0107 (uzdu\u017eno) Sr\u010dani mi\u0161i\u0107 [\/vc_column_text][\/vc_column][\/vc_row]<\/p>\n","protected":false},"author":1,"featured_media":0,"parent":0,"menu_order":0,"comment_status":"closed","ping_status":"closed","template":"","meta":{"footnotes":""},"class_list":["post-4179","page","type-page","status-publish","hentry"],"_links":{"self":[{"href":"https:\/\/mef.sum.ba\/histologija\/index.php?rest_route=\/wp\/v2\/pages\/4179","targetHints":{"allow":["GET"]}}],"collection":[{"href":"https:\/\/mef.sum.ba\/histologija\/index.php?rest_route=\/wp\/v2\/pages"}],"about":[{"href":"https:\/\/mef.sum.ba\/histologija\/index.php?rest_route=\/wp\/v2\/types\/page"}],"author":[{"embeddable":true,"href":"https:\/\/mef.sum.ba\/histologija\/index.php?rest_route=\/wp\/v2\/users\/1"}],"replies":[{"embeddable":true,"href":"https:\/\/mef.sum.ba\/histologija\/index.php?rest_route=%2Fwp%2Fv2%2Fcomments&post=4179"}],"version-history":[{"count":4,"href":"https:\/\/mef.sum.ba\/histologija\/index.php?rest_route=\/wp\/v2\/pages\/4179\/revisions"}],"predecessor-version":[{"id":4308,"href":"https:\/\/mef.sum.ba\/histologija\/index.php?rest_route=\/wp\/v2\/pages\/4179\/revisions\/4308"}],"wp:attachment":[{"href":"https:\/\/mef.sum.ba\/histologija\/index.php?rest_route=%2Fwp%2Fv2%2Fmedia&parent=4179"}],"curies":[{"name":"wp","href":"https:\/\/api.w.org\/{rel}","templated":true}]}}