{"id":4115,"date":"2021-01-19T23:03:10","date_gmt":"2021-01-19T22:03:10","guid":{"rendered":"https:\/\/mef.sum.ba\/histologija\/?page_id=4115"},"modified":"2021-01-19T23:03:10","modified_gmt":"2021-01-19T22:03:10","slug":"3-viseredni-cilindricni-s-trepetljikama-dusnik","status":"publish","type":"page","link":"https:\/\/mef.sum.ba\/histologija\/?page_id=4115","title":{"rendered":"3. Vi\u0161eredni cilindri\u010dni s trepetljikama (du\u0161nik)"},"content":{"rendered":"<section class=\"wpb-content-wrapper\"><p>[vc_row][vc_column][vc_media_grid item=&#8221;mediaGrid_SlideInTitle&#8221; grid_id=&#8221;vc_gid:1611093747773-d9dcf014-f549-4&#8243; include=&#8221;4116,4117,4118&#8243;][\/vc_column][\/vc_row]<\/p>\n<\/section>","protected":false},"excerpt":{"rendered":"<p>[vc_row][vc_column][vc_media_grid item=&#8221;mediaGrid_SlideInTitle&#8221; grid_id=&#8221;vc_gid:1611093747773-d9dcf014-f549-4&#8243; include=&#8221;4116,4117,4118&#8243;][\/vc_column][\/vc_row]<\/p>\n","protected":false},"author":1,"featured_media":0,"parent":4005,"menu_order":0,"comment_status":"closed","ping_status":"closed","template":"","meta":{"footnotes":""},"class_list":["post-4115","page","type-page","status-publish","hentry"],"_links":{"self":[{"href":"https:\/\/mef.sum.ba\/histologija\/index.php?rest_route=\/wp\/v2\/pages\/4115","targetHints":{"allow":["GET"]}}],"collection":[{"href":"https:\/\/mef.sum.ba\/histologija\/index.php?rest_route=\/wp\/v2\/pages"}],"about":[{"href":"https:\/\/mef.sum.ba\/histologija\/index.php?rest_route=\/wp\/v2\/types\/page"}],"author":[{"embeddable":true,"href":"https:\/\/mef.sum.ba\/histologija\/index.php?rest_route=\/wp\/v2\/users\/1"}],"replies":[{"embeddable":true,"href":"https:\/\/mef.sum.ba\/histologija\/index.php?rest_route=%2Fwp%2Fv2%2Fcomments&post=4115"}],"version-history":[{"count":1,"href":"https:\/\/mef.sum.ba\/histologija\/index.php?rest_route=\/wp\/v2\/pages\/4115\/revisions"}],"predecessor-version":[{"id":4119,"href":"https:\/\/mef.sum.ba\/histologija\/index.php?rest_route=\/wp\/v2\/pages\/4115\/revisions\/4119"}],"up":[{"embeddable":true,"href":"https:\/\/mef.sum.ba\/histologija\/index.php?rest_route=\/wp\/v2\/pages\/4005"}],"wp:attachment":[{"href":"https:\/\/mef.sum.ba\/histologija\/index.php?rest_route=%2Fwp%2Fv2%2Fmedia&parent=4115"}],"curies":[{"name":"wp","href":"https:\/\/api.w.org\/{rel}","templated":true}]}}