{"id":4005,"date":"2021-01-15T21:59:00","date_gmt":"2021-01-15T20:59:00","guid":{"rendered":"https:\/\/mef.sum.ba\/histologija\/?page_id=4005"},"modified":"2021-02-01T11:06:06","modified_gmt":"2021-02-01T10:06:06","slug":"pokrovni-epiteli","status":"publish","type":"page","link":"https:\/\/mef.sum.ba\/histologija\/?page_id=4005","title":{"rendered":"Pokrovni epiteli"},"content":{"rendered":"<section class=\"wpb-content-wrapper\"><p>[vc_row][vc_column][vc_column_text]<\/p>\n<h4 class=\"vc_custom_heading vc_custom_1611095822297\"><a title=\"1. Mnogoslojni plo\u010dasti oro\u017eeni\" href=\"https:\/\/mef.sum.ba\/histologija\/?page_id=4086\">1. Mnogoslojni plo\u010dasti oro\u017eeni<\/a><\/h4>\n<h4 class=\"vc_custom_heading vc_custom_1611095839978\"><a title=\"1. Mnogoslojni plo\u010dasti oro\u017eeni\" href=\"https:\/\/mef.sum.ba\/histologija\/?page_id=4110\">2. Mnogoslojni plo\u010dasti neoro\u017eeni (jednjak)<\/a><\/h4>\n<h4 class=\"vc_custom_heading vc_custom_1611095847336\"><a title=\"1. Mnogoslojni plo\u010dasti oro\u017eeni\" href=\"https:\/\/mef.sum.ba\/histologija\/?page_id=4115\">3. Vi\u0161eredni cilindri\u010dni s trepetljikama (du\u0161nik)<\/a><\/h4>\n<h4 class=\"vc_custom_heading vc_custom_1611095895315\"><a title=\"1. Mnogoslojni plo\u010dasti oro\u017eeni\" href=\"https:\/\/mef.sum.ba\/histologija\/?page_id=4121\">4. Jednoslojni cilindri\u010dni (jajovod)<\/a><\/h4>\n<h4 class=\"vc_custom_heading vc_custom_1611095930650\"><a title=\"1. Mnogoslojni plo\u010dasti oro\u017eeni\" href=\"https:\/\/mef.sum.ba\/histologija\/?page_id=4125\">5. Prijelazni epitel (mokra\u0107ni mjehur)<\/a><\/h4>\n<p>[\/vc_column_text][\/vc_column][\/vc_row]<\/p>\n<\/section>","protected":false},"excerpt":{"rendered":"<p>[vc_row][vc_column][vc_column_text] 1. Mnogoslojni plo\u010dasti oro\u017eeni 2. Mnogoslojni plo\u010dasti neoro\u017eeni (jednjak) 3. Vi\u0161eredni cilindri\u010dni s trepetljikama (du\u0161nik) 4. Jednoslojni cilindri\u010dni (jajovod) 5. Prijelazni epitel (mokra\u0107ni mjehur) [\/vc_column_text][\/vc_column][\/vc_row]<\/p>\n","protected":false},"author":1,"featured_media":0,"parent":0,"menu_order":0,"comment_status":"closed","ping_status":"closed","template":"","meta":{"footnotes":""},"class_list":["post-4005","page","type-page","status-publish","hentry"],"_links":{"self":[{"href":"https:\/\/mef.sum.ba\/histologija\/index.php?rest_route=\/wp\/v2\/pages\/4005","targetHints":{"allow":["GET"]}}],"collection":[{"href":"https:\/\/mef.sum.ba\/histologija\/index.php?rest_route=\/wp\/v2\/pages"}],"about":[{"href":"https:\/\/mef.sum.ba\/histologija\/index.php?rest_route=\/wp\/v2\/types\/page"}],"author":[{"embeddable":true,"href":"https:\/\/mef.sum.ba\/histologija\/index.php?rest_route=\/wp\/v2\/users\/1"}],"replies":[{"embeddable":true,"href":"https:\/\/mef.sum.ba\/histologija\/index.php?rest_route=%2Fwp%2Fv2%2Fcomments&post=4005"}],"version-history":[{"count":10,"href":"https:\/\/mef.sum.ba\/histologija\/index.php?rest_route=\/wp\/v2\/pages\/4005\/revisions"}],"predecessor-version":[{"id":4314,"href":"https:\/\/mef.sum.ba\/histologija\/index.php?rest_route=\/wp\/v2\/pages\/4005\/revisions\/4314"}],"wp:attachment":[{"href":"https:\/\/mef.sum.ba\/histologija\/index.php?rest_route=%2Fwp%2Fv2%2Fmedia&parent=4005"}],"curies":[{"name":"wp","href":"https:\/\/api.w.org\/{rel}","templated":true}]}}