{"id":2706,"date":"2021-02-11T12:40:41","date_gmt":"2021-02-11T12:40:41","guid":{"rendered":"https:\/\/mef.sum.ba\/engl\/?page_id=2706"},"modified":"2021-02-11T12:42:24","modified_gmt":"2021-02-11T12:42:24","slug":"education-of-educators","status":"publish","type":"page","link":"https:\/\/mef.sum.ba\/engl\/index.php\/education-of-educators\/","title":{"rendered":"Education of educators"},"content":{"rendered":"\t\t<div data-elementor-type=\"wp-page\" data-elementor-id=\"2706\" class=\"elementor elementor-2706\">\n\t\t\t\t\t\t<section class=\"elementor-section elementor-top-section elementor-element elementor-element-1431eb5 elementor-section-boxed elementor-section-height-default elementor-section-height-default\" data-id=\"1431eb5\" data-element_type=\"section\" data-e-type=\"section\">\n\t\t\t\t\t\t<div class=\"elementor-container elementor-column-gap-default\">\n\t\t\t\t\t<div class=\"elementor-column elementor-col-100 elementor-top-column elementor-element elementor-element-0b4f285\" data-id=\"0b4f285\" data-element_type=\"column\" data-e-type=\"column\">\n\t\t\t<div class=\"elementor-widget-wrap elementor-element-populated\">\n\t\t\t\t\t\t<div class=\"elementor-element elementor-element-8b4def2 elementor-widget elementor-widget-text-editor\" data-id=\"8b4def2\" data-element_type=\"widget\" data-e-type=\"widget\" data-widget_type=\"text-editor.default\">\n\t\t\t\t<div class=\"elementor-widget-container\">\n\t\t\t\t\t\t\t\t\t<p>Training of employees for the purpose of the election to the scientific-educational titles at the Faculty of Mostar called Education of educators is held every year by ensuring a sufficient number of participants. We therefore ask all interested candidates to apply to the Office for Quality Assurance,\u00a0 e-mail nevenka.jelic@sve-mo.ba\u00a0 or on the phone 036 \/ 335-627.<\/p><p><strong>Head of course:<\/strong>\u00a0Prof. Katarina Vukojevic, MD, PhD<\/p><p><strong>Course Secretary:<\/strong>\u00a0Nevenka Jelic, dipl. ing<\/p><p><strong>Last course held 20.01. \u2013 21.01. 2017.<\/strong><\/p><p>Due to the expressed need for Education of educators in terms of professional development, defined as activities relating to teaching adults, we made the following themes of the course:<\/p><ol><li>Methodology lecture: Forms of work with adults (The lecture, the seminar, the exercises?)<\/li><li>Learning outcomes and their role and writing syllabus<\/li><li>Team Learning<\/li><li>E-learning (experience in Bosnia and Herzegovina; opportunities at the Faculty og Medicine in Mostar)<\/li><li>Searching index publications, search for a specific journal article by using a strategic approach<\/li><li>Problem Based Learning<\/li><li>Communication and Development of Communication Skills<\/li><li>Planning and preparation of the teaching process<\/li><li>Writing Exam Questions<\/li><li>Microteaching<\/li><\/ol>\t\t\t\t\t\t\t\t<\/div>\n\t\t\t\t<\/div>\n\t\t\t\t\t<\/div>\n\t\t<\/div>\n\t\t\t\t\t<\/div>\n\t\t<\/section>\n\t\t\t\t<section class=\"elementor-section elementor-top-section elementor-element elementor-element-cb79014 elementor-section-boxed elementor-section-height-default elementor-section-height-default\" data-id=\"cb79014\" data-element_type=\"section\" data-e-type=\"section\">\n\t\t\t\t\t\t<div class=\"elementor-container elementor-column-gap-default\">\n\t\t\t\t\t<div class=\"elementor-column elementor-col-100 elementor-top-column elementor-element elementor-element-dc3707e\" data-id=\"dc3707e\" data-element_type=\"column\" data-e-type=\"column\">\n\t\t\t<div class=\"elementor-widget-wrap elementor-element-populated\">\n\t\t\t\t\t\t<div class=\"elementor-element elementor-element-4057aaa elementor-widget elementor-widget-text-editor\" data-id=\"4057aaa\" data-element_type=\"widget\" data-e-type=\"widget\" data-widget_type=\"text-editor.default\">\n\t\t\t\t<div class=\"elementor-widget-container\">\n\t\t\t\t\t\t\t\t\t<p><strong><em>EDUKACIJA EDUKATORA<\/em><\/strong><\/p><p><strong>Mostar, 20.01. \u2013 21.01. 2017.<\/strong><\/p><p><strong><em>Plan i program rada<\/em><\/strong><\/p><div class=\"table-wrapper\"><table width=\"682\"><tbody><tr><td width=\"99\"><strong><em>DATUM<\/em><\/strong><\/td><td width=\"97\"><strong><em>VRIJEME<\/em><\/strong><\/td><td width=\"120\"><strong><em>PREDAVA\u010c<\/em><\/strong><\/td><td width=\"276\"><strong><em>TEMA<\/em><\/strong><\/td><td width=\"91\"><strong><em>SATI<\/em><\/strong><p>\u00a0<\/p><p>(Uk. 20)<\/p><\/td><\/tr><tr><td width=\"99\"><strong><u>petak<\/u><\/strong><p>\u00a0<\/p><p>20.01.2017.<\/p><p>\u00a0<\/p><\/td><td width=\"97\">10.00-11.30<\/td><td width=\"120\">prof. dr. sc. Mirjana Mavrak<\/td><td width=\"276\"><strong>Predavanje i vje\u017ebe<\/strong><p>\u00a0<\/p><p>Metodologija predavanja: Oblici rada s odraslima<\/p><p>(\u0160to je predavanje, \u0161to seminar, a \u0161to vje\u017ebe?)<\/p><\/td><td width=\"91\">2<\/td><\/tr><tr><td width=\"99\">\u00a0<\/td><td width=\"97\">11.30-12.15<\/td><td width=\"120\">prof. dr. sc. Mirjana Mavrak<\/td><td width=\"276\"><strong>Predavanje i vje\u017ebe<\/strong><p>\u00a0<\/p><p>Ishodi u\u010denja i njihova uloga<\/p><p>Pisanje syllabusa<\/p><\/td><td width=\"91\">1<\/td><\/tr><tr><td width=\"99\">\u00a0<\/td><td width=\"97\">12.15-13.30<\/td><td width=\"120\">prof. dr. sc. Z. \u0110oga\u0161<\/td><td width=\"276\"><strong>Predavanje:\u00a0<\/strong>Team Learning<\/td><td width=\"91\">1<\/td><\/tr><tr><td width=\"99\">\u00a0<\/td><td width=\"97\">13.30-15.00<\/td><td width=\"120\">prof. dr. sc. Z. \u0110oga\u0161<\/td><td width=\"276\"><strong>Vje\u017ebe:\u00a0<\/strong>Team Learning<p>\u00a0<\/p><p>(svi)<\/p><\/td><td width=\"91\">2<\/td><\/tr><tr><td width=\"99\">\u00a0<\/td><td width=\"97\">15.00-15.45<\/td><td width=\"120\">Mario Prskalo<\/td><td width=\"276\"><strong>Interaktivni seminar:\u00a0<\/strong>E-learning iskustva u BiH; mogu\u0107nosti na MF u Mostaru<\/td><td width=\"91\">1<\/td><\/tr><tr><td width=\"99\">\u00a0<\/td><td width=\"97\">15.45-17.15<\/td><td width=\"120\">prof. dr. sc. Z. \u0110oga\u0161,<p>\u00a0<\/p><p>Prof. dr. sc. Katarina Vukojevi\u0107<\/p><p>Josip Lesko, dr. med.<\/p><\/td><td width=\"276\"><strong>Vje\u017ebe:\u00a0<\/strong>Pretra\u017eivanje indeksnih publikacija,<p>\u00a0<\/p><p>Tra\u017eenje odre\u0111enoga \u010dasopisnog \u010dlanka s pomo\u0107u strategijskog pristupa (tri skupine)<\/p><\/td><td width=\"91\">2<\/td><\/tr><tr><td width=\"99\"><strong><u>subota<\/u><\/strong><p>\u00a0<\/p><p>21.01.2017.<\/p><\/td><td width=\"97\">08.00-08.45<\/td><td width=\"120\">prof. dr. sc. Mirjana Mavrak<\/td><td width=\"276\"><strong>Predavanje:\u00a0<\/strong>Problem Based Learning<\/td><td width=\"91\">1<\/td><\/tr><tr><td width=\"99\"><strong><u>\u00a0<\/u><\/strong><\/td><td width=\"97\">08.45-10.15<\/td><td width=\"120\">prof. dr. sc. Mirjana Mavrak<\/td><td width=\"276\"><strong>Vje\u017ebe:\u00a0<\/strong>Problem Based Learning<p>\u00a0<\/p><p>(svi)<\/p><\/td><td width=\"91\">2<\/td><\/tr><tr><td width=\"99\"><strong><u>\u00a0<\/u><\/strong><\/td><td width=\"97\">10.15-11.45<\/td><td width=\"120\">prof. dr. sc. Mirjana Mavrak<\/td><td width=\"276\"><strong>Predavanje i vje\u017ebe<\/strong><p>\u00a0<\/p><p>Komunikacija i razvoj vje\u0161tine komuniciranja<\/p><\/td><td width=\"91\">2<\/td><\/tr><tr><td width=\"99\"><strong><u>\u00a0<\/u><\/strong><\/td><td width=\"97\">11.45-12.30<\/td><td width=\"120\">Prof. dr. sc. Katarina Vukojevi\u0107<p>\u00a0<\/p><p>Prof. dr. sc. Violeta \u0160olji\u0107<\/p><\/td><td width=\"276\"><strong>Predavanje<\/strong><p>\u00a0<\/p><p>Planiranje i priprema nastavnog procesa<\/p><\/td><td width=\"91\">1<\/td><\/tr><tr><td width=\"99\">\u00a0<\/td><td width=\"97\">12.30-13.15<\/td><td width=\"120\">Prof. dr. sc. Katarina Vukojevi\u0107<p>\u00a0<\/p><p>Prof. dr. sc. Violeta \u0160olji\u0107<\/p><\/td><td width=\"276\"><strong>Predavanje<\/strong><p>\u00a0<\/p><p>Pisanje ispitnih pitanja<\/p><\/td><td width=\"91\">1<\/td><\/tr><tr><td width=\"99\">\u00a0<\/td><td width=\"97\">13.15-14.30<\/td><td width=\"120\">prof. dr. sc. Mirjana Mavrak<\/td><td width=\"276\"><strong>Predavanje:\u00a0<\/strong>Microteaching<\/td><td width=\"91\">1<\/td><\/tr><tr><td width=\"99\">\u00a0<\/td><td width=\"97\">14.30-16.45<\/td><td width=\"120\">prof. dr.sc. Mirjana Mavrak<p>\u00a0<\/p><p>Prof. dr. sc. Katarina Vukojevi\u0107<\/p><p>Prof. dr. sc. Violeta \u0160olji\u0107<\/p><p>Josip Lesko, dr. med.<\/p><\/td><td width=\"276\"><strong>Vje\u017ebe:\u00a0<\/strong>Microteaching<p>\u00a0<\/p><p>(tri skupine)<\/p><\/td><td width=\"91\">3<\/td><\/tr><tr><td width=\"99\">\u00a0<\/td><td width=\"97\">16.45-17.15<\/td><td width=\"120\">\u00a0<\/td><td width=\"276\">ISPIT<\/td><\/tr><\/tbody><\/table><\/div>\t\t\t\t\t\t\t\t<\/div>\n\t\t\t\t<\/div>\n\t\t\t\t\t<\/div>\n\t\t<\/div>\n\t\t\t\t\t<\/div>\n\t\t<\/section>\n\t\t\t\t<\/div>\n\t\t","protected":false},"excerpt":{"rendered":"<p>Training of employees for the purpose of the election to the scientific-educational titles at the Faculty of Mostar called Education of educators is held every year by ensuring a sufficient number of participants. We therefore ask all interested candidates to apply to the Office for Quality Assurance,\u00a0 e-mail nevenka.jelic@sve-mo.ba\u00a0 or on the phone 036 \/ [&hellip;]<\/p>\n","protected":false},"author":1,"featured_media":0,"parent":0,"menu_order":0,"comment_status":"closed","ping_status":"closed","template":"","meta":{"footnotes":""},"class_list":["post-2706","page","type-page","status-publish","hentry"],"blocksy_meta":{"styles_descriptor":{"styles":{"desktop":"","tablet":"","mobile":""},"google_fonts":[],"version":6}},"_links":{"self":[{"href":"https:\/\/mef.sum.ba\/engl\/index.php\/wp-json\/wp\/v2\/pages\/2706","targetHints":{"allow":["GET"]}}],"collection":[{"href":"https:\/\/mef.sum.ba\/engl\/index.php\/wp-json\/wp\/v2\/pages"}],"about":[{"href":"https:\/\/mef.sum.ba\/engl\/index.php\/wp-json\/wp\/v2\/types\/page"}],"author":[{"embeddable":true,"href":"https:\/\/mef.sum.ba\/engl\/index.php\/wp-json\/wp\/v2\/users\/1"}],"replies":[{"embeddable":true,"href":"https:\/\/mef.sum.ba\/engl\/index.php\/wp-json\/wp\/v2\/comments?post=2706"}],"version-history":[{"count":6,"href":"https:\/\/mef.sum.ba\/engl\/index.php\/wp-json\/wp\/v2\/pages\/2706\/revisions"}],"predecessor-version":[{"id":2712,"href":"https:\/\/mef.sum.ba\/engl\/index.php\/wp-json\/wp\/v2\/pages\/2706\/revisions\/2712"}],"wp:attachment":[{"href":"https:\/\/mef.sum.ba\/engl\/index.php\/wp-json\/wp\/v2\/media?parent=2706"}],"curies":[{"name":"wp","href":"https:\/\/api.w.org\/{rel}","templated":true}]}}