{"id":640,"date":"2018-06-14T09:26:43","date_gmt":"2018-06-14T07:26:43","guid":{"rendered":"http:\/\/mef.sve-mo.ba\/dentalna\/?page_id=640"},"modified":"2026-03-18T10:07:05","modified_gmt":"2026-03-18T09:07:05","slug":"medicinska-psihologija","status":"publish","type":"page","link":"https:\/\/mef.sum.ba\/dentalna\/katedre\/2-godina\/medicinska-psihologija\/","title":{"rendered":"Medicinska psihologija"},"content":{"rendered":"<div class=\"wpb-content-wrapper\"><p>[vc_row][vc_column][vc_message message_box_color=&#8221;alert-success&#8221; icon_type=&#8221;pixelicons&#8221; icon_pixelicons=&#8221;vc_pixel_icon vc_pixel_icon-document_pdf&#8221;]<a href=\"https:\/\/mef.sum.ba\/dentalna\/wp-content\/uploads\/2026\/03\/Raspored-Medicinska-psihologija-studij-dentalne-medicine-M.Kresic-Coric.pdf\">Izvedbeni nastavni plan za ak. 2025. \/2026. godinu<\/a>[\/vc_message][vc_message message_box_color=&#8221;alert-success&#8221; icon_type=&#8221;pixelicons&#8221; icon_pixelicons=&#8221;vc_pixel_icon vc_pixel_icon-document_pdf&#8221;]<a href=\"https:\/\/mef.sum.ba\/dentalna\/wp-content\/uploads\/2026\/03\/MFDM402-Silabus-Medicinska_-psihologija-2025_26_MKC.pdf\">Syllabus<\/a>[\/vc_message][vc_single_image image=&#8221;4839&#8243; alignment=&#8221;center&#8221; style=&#8221;vc_box_border_circle_2&#8243;][vc_column_text]<\/p>\n<p style=\"text-align: center;\">Voditelj predmeta: doc. dr. sc. Martina Kre\u0161i\u0107 \u0106ori\u0107<\/p>\n<p>[\/vc_column_text][\/vc_column][\/vc_row]<\/p>\n<\/div>","protected":false},"excerpt":{"rendered":"<p>[vc_row][vc_column][vc_message message_box_color=&#8221;alert-success&#8221; icon_type=&#8221;pixelicons&#8221; icon_pixelicons=&#8221;vc_pixel_icon vc_pixel_icon-document_pdf&#8221;]Izvedbeni nastavni plan za ak. 2025. \/2026. godinu[\/vc_message][vc_message message_box_color=&#8221;alert-success&#8221; icon_type=&#8221;pixelicons&#8221; icon_pixelicons=&#8221;vc_pixel_icon vc_pixel_icon-document_pdf&#8221;]Syllabus[\/vc_message][vc_single_image image=&#8221;4839&#8243; alignment=&#8221;center&#8221; style=&#8221;vc_box_border_circle_2&#8243;][vc_column_text] Voditelj predmeta: doc. dr. sc. Martina&hellip;<\/p>\n","protected":false},"author":1,"featured_media":0,"parent":465,"menu_order":0,"comment_status":"closed","ping_status":"closed","template":"","meta":{"footnotes":""},"class_list":["post-640","page","type-page","status-publish","hentry"],"_links":{"self":[{"href":"https:\/\/mef.sum.ba\/dentalna\/wp-json\/wp\/v2\/pages\/640","targetHints":{"allow":["GET"]}}],"collection":[{"href":"https:\/\/mef.sum.ba\/dentalna\/wp-json\/wp\/v2\/pages"}],"about":[{"href":"https:\/\/mef.sum.ba\/dentalna\/wp-json\/wp\/v2\/types\/page"}],"author":[{"embeddable":true,"href":"https:\/\/mef.sum.ba\/dentalna\/wp-json\/wp\/v2\/users\/1"}],"replies":[{"embeddable":true,"href":"https:\/\/mef.sum.ba\/dentalna\/wp-json\/wp\/v2\/comments?post=640"}],"version-history":[{"count":17,"href":"https:\/\/mef.sum.ba\/dentalna\/wp-json\/wp\/v2\/pages\/640\/revisions"}],"predecessor-version":[{"id":4856,"href":"https:\/\/mef.sum.ba\/dentalna\/wp-json\/wp\/v2\/pages\/640\/revisions\/4856"}],"up":[{"embeddable":true,"href":"https:\/\/mef.sum.ba\/dentalna\/wp-json\/wp\/v2\/pages\/465"}],"wp:attachment":[{"href":"https:\/\/mef.sum.ba\/dentalna\/wp-json\/wp\/v2\/media?parent=640"}],"curies":[{"name":"wp","href":"https:\/\/api.w.org\/{rel}","templated":true}]}}