{"id":582,"date":"2018-03-12T13:55:38","date_gmt":"2018-03-12T12:55:38","guid":{"rendered":"http:\/\/mef.sve-mo.ba\/dentalna\/?page_id=582"},"modified":"2026-02-16T21:44:20","modified_gmt":"2026-02-16T20:44:20","slug":"patofiziologija","status":"publish","type":"page","link":"https:\/\/mef.sum.ba\/dentalna\/katedre\/2-godina\/patofiziologija\/","title":{"rendered":"Patofiziologija"},"content":{"rendered":"<div class=\"wpb-content-wrapper\"><p>[vc_row][vc_column][vc_message message_box_color=&#8221;alert-success&#8221; icon_type=&#8221;pixelicons&#8221; icon_pixelicons=&#8221;vc_pixel_icon vc_pixel_icon-document_pdf&#8221;]<a href=\"https:\/\/mef.sum.ba\/dentalna\/wp-content\/uploads\/2026\/02\/Patofiziologija_Medicina_Mostar_dentalna-medicina_2025_26.pdf\">Izvedbeni nastavni plan za ak. 2025. \/2026. godinu<\/a>[\/vc_message][vc_message message_box_color=&#8221;alert-success&#8221; icon_type=&#8221;pixelicons&#8221; icon_pixelicons=&#8221;vc_pixel_icon vc_pixel_icon-document_pdf&#8221;]<a href=\"https:\/\/mef.sum.ba\/dentalna\/wp-content\/uploads\/2024\/11\/MFDM403-Silabus-Patofiziologija-2024_25.pdf\">Syllabus<\/a>[\/vc_message][vc_column_text]<\/p>\n<p>Ciljevi, zadaci i planirani ishod kolegija Osnovna zada\u0107a ovog kolegija je omogu\u0107iti studentu da se, primjenom prethodno ste\u010denih znanja iz svih predmeta prve godine studija, a posebno kolegija Fiziologija na koji se kolegij Patofiziologija izravno nastavlja, upoznaju s patolo\u0161kom funkcijom pojedinih organskih sustava, kao i etiopatogenetskim mehanizmima koji dovode do poreme\u0107aja funkcije i pojave bolesti.<\/p>\n<p>Nastava se izvodi u obliku predavanja (30 sati), seminara (35 sati) i vje\u017ebi (25 sati) u turnusnom obliku (3,5 tjedana nastave). Predavanja traju 2, a seminari i vje\u017ebe 3 \u0161kolska sata.<\/p>\n<p>Seminari i vje\u017ebe studente pripremaju za samostalno rje\u0161avanje problema i integrativno promi\u0161ljanje zdravlja i bolesti., a upoznavanje funkcije svih organskih sustava i njihovih mehanizama adaptacije na promjenljive uvjete okoline, Student je obvezan pripremiti gradivo o kojem se raspravlja na predavanjima, seminarima i vje\u017ebama. Na seminarima i vje\u017ebama student s nastavnikom aktivno raspravlja o fiziolo\u0161kim i patofiziolo\u0161kim mehanizmima. Nastavnik ocjenjuje sudjelovanje studenta u radu seminara (pokazano znanje, razumijevanje, sposobnost postavljanja problema, zaklju\u010divanje, itd.). &#8220;Zara\u0111eni&#8221; bodovi pribrajaju se bodovima dobivenim na zavr\u0161nom ispitu.[\/vc_column_text][\/vc_column][\/vc_row]<\/p>\n<\/div>","protected":false},"excerpt":{"rendered":"<p>[vc_row][vc_column][vc_message message_box_color=&#8221;alert-success&#8221; icon_type=&#8221;pixelicons&#8221; icon_pixelicons=&#8221;vc_pixel_icon vc_pixel_icon-document_pdf&#8221;]Izvedbeni nastavni plan za ak. 2025. \/2026. godinu[\/vc_message][vc_message message_box_color=&#8221;alert-success&#8221; icon_type=&#8221;pixelicons&#8221; icon_pixelicons=&#8221;vc_pixel_icon vc_pixel_icon-document_pdf&#8221;]Syllabus[\/vc_message][vc_column_text] Ciljevi, zadaci i planirani ishod kolegija Osnovna zada\u0107a ovog&hellip;<\/p>\n","protected":false},"author":1,"featured_media":0,"parent":465,"menu_order":0,"comment_status":"closed","ping_status":"closed","template":"","meta":{"footnotes":""},"class_list":["post-582","page","type-page","status-publish","hentry"],"_links":{"self":[{"href":"https:\/\/mef.sum.ba\/dentalna\/wp-json\/wp\/v2\/pages\/582","targetHints":{"allow":["GET"]}}],"collection":[{"href":"https:\/\/mef.sum.ba\/dentalna\/wp-json\/wp\/v2\/pages"}],"about":[{"href":"https:\/\/mef.sum.ba\/dentalna\/wp-json\/wp\/v2\/types\/page"}],"author":[{"embeddable":true,"href":"https:\/\/mef.sum.ba\/dentalna\/wp-json\/wp\/v2\/users\/1"}],"replies":[{"embeddable":true,"href":"https:\/\/mef.sum.ba\/dentalna\/wp-json\/wp\/v2\/comments?post=582"}],"version-history":[{"count":16,"href":"https:\/\/mef.sum.ba\/dentalna\/wp-json\/wp\/v2\/pages\/582\/revisions"}],"predecessor-version":[{"id":4803,"href":"https:\/\/mef.sum.ba\/dentalna\/wp-json\/wp\/v2\/pages\/582\/revisions\/4803"}],"up":[{"embeddable":true,"href":"https:\/\/mef.sum.ba\/dentalna\/wp-json\/wp\/v2\/pages\/465"}],"wp:attachment":[{"href":"https:\/\/mef.sum.ba\/dentalna\/wp-json\/wp\/v2\/media?parent=582"}],"curies":[{"name":"wp","href":"https:\/\/api.w.org\/{rel}","templated":true}]}}