{"id":57,"date":"2016-11-22T11:20:07","date_gmt":"2016-11-22T10:20:07","guid":{"rendered":"http:\/\/mef2016.sve-mo.ba\/dentalna\/?page_id=57"},"modified":"2025-09-24T09:37:54","modified_gmt":"2025-09-24T07:37:54","slug":"histologija-i-embriologija","status":"publish","type":"page","link":"https:\/\/mef.sum.ba\/dentalna\/katedre\/2-godina\/histologija-i-embriologija\/","title":{"rendered":"Histologija i embriologija"},"content":{"rendered":"<div class=\"wpb-content-wrapper\"><p>[vc_row][vc_column][vc_message icon_type=&#8221;pixelicons&#8221; icon_pixelicons=&#8221;vc_pixel_icon vc_pixel_icon-document_pdf&#8221;]<a href=\"https:\/\/mef.sum.ba\/dentalna\/wp-content\/uploads\/2025\/09\/Histologija-i-embriologija2025-2026_studij-dentalne-med.pdf\">Izvedbeni nastavni plan za ak. 2025. \/2026. godinu<\/a>[\/vc_message][vc_message icon_type=&#8221;pixelicons&#8221; icon_pixelicons=&#8221;vc_pixel_icon vc_pixel_icon-document_pdf&#8221;]<a href=\"https:\/\/mef.sum.ba\/dentalna\/wp-content\/uploads\/2024\/10\/Popis-ispitnih-pitanja-histologija.pdf\">Ispitna pitanja<\/a>[\/vc_message][vc_message icon_type=&#8221;pixelicons&#8221; icon_pixelicons=&#8221;vc_pixel_icon vc_pixel_icon-document_pdf&#8221;]<a href=\"https:\/\/mef.sum.ba\/dentalna\/wp-content\/uploads\/2024\/11\/MFDM301-Silabus-Histologija-i-embriologija-2024_25.pdf\">Syllabus<\/a>[\/vc_message][vc_message icon_type=&#8221;entypo&#8221; icon_entypo=&#8221;entypo-icon entypo-icon-picture&#8221;]<a href=\"https:\/\/mef.sum.ba\/histologija\/\">Histolo\u0161ki atlas\u00a0 (Autor:\u00a0 \u00a0prof. dr. sc. Violeta \u0160olji\u0107)<\/a>[\/vc_message][\/vc_column][\/vc_row][vc_row][vc_column width=&#8221;1\/4&#8243;][vc_single_image image=&#8221;4004&#8243; style=&#8221;vc_box_outline_circle&#8221;][vc_single_image image=&#8221;4017&#8243; style=&#8221;vc_box_outline_circle&#8221;][\/vc_column][vc_column width=&#8221;3\/4&#8243;][vc_empty_space][vc_column_text]<\/p>\n<ul>\n<li>PRO\u010cELNICA KATEDRE: prof. dr. sc. Violeta \u0160olji\u0107<\/li>\n<\/ul>\n<p>[\/vc_column_text][vc_empty_space height=&#8221;120px&#8221;][vc_column_text]<\/p>\n<ul>\n<li>ZAMJENICA PRO\u010cELNICE KATEDRE: prof. dr. sc. Katarina Vukojevi\u0107<\/li>\n<\/ul>\n<p>[\/vc_column_text][vc_empty_space height=&#8221;100px&#8221;][vc_column_text]<\/p>\n<ul>\n<li>TAJNICA KATEDRE: Dr. Maja Barbari\u0107<\/li>\n<\/ul>\n<p>[\/vc_column_text][\/vc_column][\/vc_row]<\/p>\n<\/div>","protected":false},"excerpt":{"rendered":"<p>[vc_row][vc_column][vc_message icon_type=&#8221;pixelicons&#8221; icon_pixelicons=&#8221;vc_pixel_icon vc_pixel_icon-document_pdf&#8221;]Izvedbeni nastavni plan za ak. 2025. \/2026. godinu[\/vc_message][vc_message icon_type=&#8221;pixelicons&#8221; icon_pixelicons=&#8221;vc_pixel_icon vc_pixel_icon-document_pdf&#8221;]Ispitna pitanja[\/vc_message][vc_message icon_type=&#8221;pixelicons&#8221; icon_pixelicons=&#8221;vc_pixel_icon vc_pixel_icon-document_pdf&#8221;]Syllabus[\/vc_message][vc_message icon_type=&#8221;entypo&#8221; icon_entypo=&#8221;entypo-icon entypo-icon-picture&#8221;]Histolo\u0161ki atlas\u00a0 (Autor:\u00a0 \u00a0prof. dr.&hellip;<\/p>\n","protected":false},"author":1,"featured_media":0,"parent":465,"menu_order":3,"comment_status":"closed","ping_status":"closed","template":"","meta":{"footnotes":""},"class_list":["post-57","page","type-page","status-publish","hentry"],"_links":{"self":[{"href":"https:\/\/mef.sum.ba\/dentalna\/wp-json\/wp\/v2\/pages\/57","targetHints":{"allow":["GET"]}}],"collection":[{"href":"https:\/\/mef.sum.ba\/dentalna\/wp-json\/wp\/v2\/pages"}],"about":[{"href":"https:\/\/mef.sum.ba\/dentalna\/wp-json\/wp\/v2\/types\/page"}],"author":[{"embeddable":true,"href":"https:\/\/mef.sum.ba\/dentalna\/wp-json\/wp\/v2\/users\/1"}],"replies":[{"embeddable":true,"href":"https:\/\/mef.sum.ba\/dentalna\/wp-json\/wp\/v2\/comments?post=57"}],"version-history":[{"count":29,"href":"https:\/\/mef.sum.ba\/dentalna\/wp-json\/wp\/v2\/pages\/57\/revisions"}],"predecessor-version":[{"id":4605,"href":"https:\/\/mef.sum.ba\/dentalna\/wp-json\/wp\/v2\/pages\/57\/revisions\/4605"}],"up":[{"embeddable":true,"href":"https:\/\/mef.sum.ba\/dentalna\/wp-json\/wp\/v2\/pages\/465"}],"wp:attachment":[{"href":"https:\/\/mef.sum.ba\/dentalna\/wp-json\/wp\/v2\/media?parent=57"}],"curies":[{"name":"wp","href":"https:\/\/api.w.org\/{rel}","templated":true}]}}