{"id":533,"date":"2018-01-08T11:21:25","date_gmt":"2018-01-08T10:21:25","guid":{"rendered":"http:\/\/mef.sve-mo.ba\/dentalna\/?page_id=533"},"modified":"2025-11-24T12:00:49","modified_gmt":"2025-11-24T11:00:49","slug":"patologija","status":"publish","type":"page","link":"https:\/\/mef.sum.ba\/dentalna\/katedre\/2-godina\/patologija\/","title":{"rendered":"Patologija"},"content":{"rendered":"<div class=\"wpb-content-wrapper\"><p>[vc_row][vc_column][vc_message message_box_color=&#8221;alert-success&#8221; icon_type=&#8221;pixelicons&#8221; icon_pixelicons=&#8221;vc_pixel_icon vc_pixel_icon-document_pdf&#8221;]<\/p>\n<h4><a href=\"https:\/\/mef.sum.ba\/dentalna\/wp-content\/uploads\/2025\/11\/RASPORED-2025-26-patologija.pdf\">Nastavni plan i program za ak. 2025. \/2026. godinu<\/a><\/h4>\n<p>[\/vc_message][vc_message message_box_color=&#8221;alert-success&#8221; icon_type=&#8221;pixelicons&#8221; icon_pixelicons=&#8221;vc_pixel_icon vc_pixel_icon-document_pdf&#8221;]<\/p>\n<h4><a href=\"https:\/\/mef.sum.ba\/dentalna\/wp-content\/uploads\/2024\/11\/MFDM303-Silabus-Patologija-2024_25.docx.pdf\">Syllabus<\/a><\/h4>\n<p>[\/vc_message][vc_column_text]<strong>\u00a0\u00a0\u00a0\u00a0\u00a0\u00a0Pro\u010delnik Katedre za patologiju:<\/strong><\/p>\n<p>prof. dr. sc. Jo\u0161ko Petri\u010devi\u0107[\/vc_column_text][\/vc_column][\/vc_row]<\/p>\n<\/div>","protected":false},"excerpt":{"rendered":"<p>[vc_row][vc_column][vc_message message_box_color=&#8221;alert-success&#8221; icon_type=&#8221;pixelicons&#8221; icon_pixelicons=&#8221;vc_pixel_icon vc_pixel_icon-document_pdf&#8221;] Nastavni plan i program za ak. 2025. \/2026. godinu [\/vc_message][vc_message message_box_color=&#8221;alert-success&#8221; icon_type=&#8221;pixelicons&#8221; icon_pixelicons=&#8221;vc_pixel_icon vc_pixel_icon-document_pdf&#8221;] Syllabus [\/vc_message][vc_column_text]\u00a0\u00a0\u00a0\u00a0\u00a0\u00a0Pro\u010delnik Katedre za patologiju: prof.&hellip;<\/p>\n","protected":false},"author":1,"featured_media":0,"parent":465,"menu_order":0,"comment_status":"closed","ping_status":"closed","template":"","meta":{"footnotes":""},"class_list":["post-533","page","type-page","status-publish","hentry"],"_links":{"self":[{"href":"https:\/\/mef.sum.ba\/dentalna\/wp-json\/wp\/v2\/pages\/533","targetHints":{"allow":["GET"]}}],"collection":[{"href":"https:\/\/mef.sum.ba\/dentalna\/wp-json\/wp\/v2\/pages"}],"about":[{"href":"https:\/\/mef.sum.ba\/dentalna\/wp-json\/wp\/v2\/types\/page"}],"author":[{"embeddable":true,"href":"https:\/\/mef.sum.ba\/dentalna\/wp-json\/wp\/v2\/users\/1"}],"replies":[{"embeddable":true,"href":"https:\/\/mef.sum.ba\/dentalna\/wp-json\/wp\/v2\/comments?post=533"}],"version-history":[{"count":25,"href":"https:\/\/mef.sum.ba\/dentalna\/wp-json\/wp\/v2\/pages\/533\/revisions"}],"predecessor-version":[{"id":4673,"href":"https:\/\/mef.sum.ba\/dentalna\/wp-json\/wp\/v2\/pages\/533\/revisions\/4673"}],"up":[{"embeddable":true,"href":"https:\/\/mef.sum.ba\/dentalna\/wp-json\/wp\/v2\/pages\/465"}],"wp:attachment":[{"href":"https:\/\/mef.sum.ba\/dentalna\/wp-json\/wp\/v2\/media?parent=533"}],"curies":[{"name":"wp","href":"https:\/\/api.w.org\/{rel}","templated":true}]}}