{"id":204,"date":"2017-02-02T11:56:09","date_gmt":"2017-02-02T10:56:09","guid":{"rendered":"http:\/\/mef2016.sve-mo.ba\/dentalna\/?page_id=204"},"modified":"2017-02-02T11:56:09","modified_gmt":"2017-02-02T10:56:09","slug":"citaonica","status":"publish","type":"page","link":"https:\/\/mef.sum.ba\/dentalna\/citaonica\/","title":{"rendered":"\u010citaonica"},"content":{"rendered":"<p><b><span lang=\"SH\" style=\"margin: 0px; padding: 0in; border: 1pt windowtext; color: #333333; font-family: 'Helvetica',sans-serif; font-size: 9pt;\">Korisnici \u010ditaonice:<\/span><\/b><\/p>\n<p><span lang=\"SH\">\u00a7<span style=\"font: 7pt 'Times New Roman'; margin: 0px; font-size-adjust: none; font-stretch: normal;\">\u00a0 <\/span><\/span><span lang=\"SH\" style=\"margin: 0px; color: #333333; font-family: 'Helvetica',sans-serif; font-size: 9pt;\">\u010citaonicu mogu koristiti studenti, nastavnici i saradnici Fakulteta i vanjski korisnici.<\/span><\/p>\n<p><span lang=\"SH\" style=\"margin: 0px; color: #333333; font-family: 'Helvetica',sans-serif; font-size: 9pt;\">\u00a0<\/span><\/p>\n<p><b><span lang=\"SH\" style=\"margin: 0px; padding: 0in; border: 1pt windowtext; color: #333333; font-family: 'Helvetica',sans-serif; font-size: 9pt;\">Na\u010din kori\u0161tenja fonda knji\u017enice u \u010ditaonici<\/span><\/b><\/p>\n<p><span lang=\"SH\">\u00a7<span style=\"font: 7pt 'Times New Roman'; margin: 0px; font-size-adjust: none; font-stretch: normal;\">\u00a0 <\/span><\/span><span lang=\"SH\" style=\"margin: 0px; color: #333333; font-family: 'Helvetica',sans-serif; font-size: 9pt;\">\u010citaonica je sastavni dio Fakulteta \u00a0i njen rad odvija se prema Pravilniku o radu knji\u017enice .<\/span><\/p>\n<p><span lang=\"SH\">\u00a7<span style=\"font: 7pt 'Times New Roman'; margin: 0px; font-size-adjust: none; font-stretch: normal;\">\u00a0 <\/span><\/span><span lang=\"SH\" style=\"margin: 0px; color: #333333; font-family: 'Helvetica',sans-serif; font-size: 9pt;\">Sve publikacije se zadu\u017euju u knji\u017enici uz potpis i ostavljanje identifikacijskog dokumenta. Publikacije uzete na revers za rad u \u010ditaonici korisnik potra\u017euje i zadu\u017euje kod knji\u017eni\u010dara, uz potpis i identifikacijski dokument. Korisnik u \u010ditaonici mo\u017ee istovremeno zadu\u017eiti najvi\u0161e 3\u00a0 publikacije.<\/span><\/p>\n<p><span lang=\"SH\">\u00a7<span style=\"font: 7pt 'Times New Roman'; margin: 0px; font-size-adjust: none; font-stretch: normal;\">\u00a0 <\/span><\/span><span lang=\"SH\" style=\"margin: 0px; color: #333333; font-family: 'Helvetica',sans-serif; font-size: 9pt;\">Po zavr\u0161etku rada u \u010ditaonici, korisnik je obavezan razdu\u017eiti pozajmljene publikacije i preuzeti svoje identifikacijske dokumente.<\/span><\/p>\n<p><span lang=\"SH\">\u00a7<span style=\"font: 7pt 'Times New Roman'; margin: 0px; font-size-adjust: none; font-stretch: normal;\">\u00a0 <\/span><\/span><span lang=\"SH\" style=\"margin: 0px; color: #333333; font-family: 'Helvetica',sans-serif; font-size: 9pt;\">Korisnik u \u010ditaonici mo\u017ee koristiti i svoje vlastite publikacije.<\/span><\/p>\n<p><span lang=\"SH\">\u00a7<span style=\"font: 7pt 'Times New Roman'; margin: 0px; font-size-adjust: none; font-stretch: normal;\">\u00a0 <\/span><\/span><span lang=\"SH\" style=\"margin: 0px; color: #333333; font-family: 'Helvetica',sans-serif; font-size: 9pt;\">Referentna zbirka (leksikoni, enciklopedije, rje\u010dnici, atlasi), periodika (\u010dasopisi i novine), slu\u017ebene publikacije, statisti\u010dke publikacije, diplomski, magistarski i doktorski radovi \u00a0se isklju\u010divo koriste u \u010ditaonici.<\/span><\/p>\n<p><span lang=\"SH\">\u00a7<span style=\"font: 7pt 'Times New Roman'; margin: 0px; font-size-adjust: none; font-stretch: normal;\">\u00a0 <\/span><\/span><span lang=\"SH\" style=\"margin: 0px; color: #333333; font-family: 'Helvetica',sans-serif; font-size: 9pt;\">Studenti su du\u017eni koristiti \u010ditaonicu \u00a0u skladu sa osnovnim pravilima:<\/span><\/p>\n<p><span lang=\"SH\">&#8211;<span style=\"font: 7pt 'Times New Roman'; margin: 0px; font-size-adjust: none; font-stretch: normal;\">\u00a0\u00a0\u00a0\u00a0\u00a0\u00a0\u00a0\u00a0\u00a0 <\/span><\/span><span lang=\"SH\" style=\"margin: 0px; color: #333333; font-family: 'Helvetica',sans-serif; font-size: 9pt;\">ra\u010dunala koja se nalaze u \u010ditaonici mogu se koristiti,a postoj mogu\u0107nost kori\u0161tenja i osobnih <\/span><\/p>\n<p><span lang=\"SH\">&#8211;<span style=\"font: 7pt 'Times New Roman'; margin: 0px; font-size-adjust: none; font-stretch: normal;\">\u00a0\u00a0\u00a0\u00a0\u00a0\u00a0\u00a0\u00a0\u00a0 <\/span><\/span><span lang=\"SH\" style=\"margin: 0px; color: #333333; font-family: 'Helvetica',sans-serif; font-size: 9pt;\">zabranjeno je glasno govoriti i koristiti mobitel kako se ne bi remetio red i mir,<\/span><\/p>\n<p><span lang=\"SH\">&#8211;<span style=\"font: 7pt 'Times New Roman'; margin: 0px; font-size-adjust: none; font-stretch: normal;\">\u00a0\u00a0\u00a0\u00a0\u00a0\u00a0\u00a0\u00a0\u00a0 <\/span><\/span><span lang=\"SH\" style=\"margin: 0px; color: #333333; font-family: 'Helvetica',sans-serif; font-size: 9pt;\">zabranjeno je unositi hranu i pi\u0107e,<\/span><\/p>\n<p><span lang=\"SH\">&#8211;<span style=\"font: 7pt 'Times New Roman'; margin: 0px; font-size-adjust: none; font-stretch: normal;\">\u00a0\u00a0\u00a0\u00a0\u00a0\u00a0\u00a0\u00a0\u00a0 <\/span><\/span><span lang=\"SH\" style=\"margin: 0px; color: #333333; font-family: 'Helvetica',sans-serif; font-size: 9pt;\">grupno u\u010denje je dopu\u0161teno uz dobijeno dopu\u0161tenje ostatka korisnika u \u010ditaonici<\/span><\/p>\n<p><span lang=\"SH\">&#8211;<span style=\"font: 7pt 'Times New Roman'; margin: 0px; font-size-adjust: none; font-stretch: normal;\">\u00a0\u00a0\u00a0\u00a0\u00a0\u00a0\u00a0\u00a0\u00a0 <\/span><\/span><span lang=\"SH\" style=\"margin: 0px; color: #333333; font-family: 'Helvetica',sans-serif; font-size: 9pt;\">sami snosite odgovornost za izgubljene stvari.<\/span><\/p>\n<p><span lang=\"SH\" style=\"margin: 0px; color: #333333; font-family: 'Helvetica',sans-serif; font-size: 9pt;\">U slu\u010daju bilo kakvih problema ili nejasno\u0107a obratiti se voditelju Knji\u017enice.<\/span><\/p>\n","protected":false},"excerpt":{"rendered":"<p>Korisnici \u010ditaonice: \u00a7\u00a0 \u010citaonicu mogu koristiti studenti, nastavnici i saradnici Fakulteta i vanjski korisnici. \u00a0 Na\u010din kori\u0161tenja fonda knji\u017enice u \u010ditaonici \u00a7\u00a0 \u010citaonica je sastavni&hellip;<\/p>\n","protected":false},"author":1,"featured_media":0,"parent":0,"menu_order":0,"comment_status":"closed","ping_status":"closed","template":"","meta":{"footnotes":""},"class_list":["post-204","page","type-page","status-publish","hentry"],"_links":{"self":[{"href":"https:\/\/mef.sum.ba\/dentalna\/wp-json\/wp\/v2\/pages\/204","targetHints":{"allow":["GET"]}}],"collection":[{"href":"https:\/\/mef.sum.ba\/dentalna\/wp-json\/wp\/v2\/pages"}],"about":[{"href":"https:\/\/mef.sum.ba\/dentalna\/wp-json\/wp\/v2\/types\/page"}],"author":[{"embeddable":true,"href":"https:\/\/mef.sum.ba\/dentalna\/wp-json\/wp\/v2\/users\/1"}],"replies":[{"embeddable":true,"href":"https:\/\/mef.sum.ba\/dentalna\/wp-json\/wp\/v2\/comments?post=204"}],"version-history":[{"count":1,"href":"https:\/\/mef.sum.ba\/dentalna\/wp-json\/wp\/v2\/pages\/204\/revisions"}],"predecessor-version":[{"id":205,"href":"https:\/\/mef.sum.ba\/dentalna\/wp-json\/wp\/v2\/pages\/204\/revisions\/205"}],"wp:attachment":[{"href":"https:\/\/mef.sum.ba\/dentalna\/wp-json\/wp\/v2\/media?parent=204"}],"curies":[{"name":"wp","href":"https:\/\/api.w.org\/{rel}","templated":true}]}}