{"id":1041,"date":"2019-01-30T14:35:43","date_gmt":"2019-01-30T13:35:43","guid":{"rendered":"http:\/\/mef.sum.ba\/dentalna\/?page_id=1041"},"modified":"2026-02-27T10:09:30","modified_gmt":"2026-02-27T09:09:30","slug":"restaurativna-dentalna-medicina-1","status":"publish","type":"page","link":"https:\/\/mef.sum.ba\/dentalna\/katedre\/3-godina\/restaurativna-dentalna-medicina-1\/","title":{"rendered":"Restaurativna dentalna medicina 1"},"content":{"rendered":"<div class=\"wpb-content-wrapper\"><p>[vc_row][vc_column][vc_message message_box_color=&#8221;alert-success&#8221; icon_type=&#8221;pixelicons&#8221; icon_pixelicons=&#8221;vc_pixel_icon vc_pixel_icon-document_pdf&#8221;]<a href=\"https:\/\/mef.sum.ba\/dentalna\/wp-content\/uploads\/2026\/02\/Izvedbeni-nastavni-plan-RDM1-25-26.pdf\">Izvedbeni nastavni plan za ak. 2025. \/2026. godinu<\/a>[\/vc_message][vc_message message_box_color=&#8221;alert-success&#8221; icon_type=&#8221;pixelicons&#8221; icon_pixelicons=&#8221;vc_pixel_icon vc_pixel_icon-document_pdf&#8221;]<a href=\"https:\/\/mef.sum.ba\/dentalna\/wp-content\/uploads\/2026\/01\/MFDM602-Silabus-Restaurativna_dentalna_medicina-2025_26-3.pdf\">Syllabus<\/a>[\/vc_message][vc_column_text]Nastavnici i suradnici:<\/p>\n<ul>\n<li>dr. sc. Ivana Medvedec Miki\u0107 ( ivana.medvedec@mefst.hr)<\/li>\n<li>dr. sc. Jurica Matijevi\u0107 ( <a href=\"mailto:matijevic@sfzg.hr\">matijevic@sfzg.hr<\/a>)<\/li>\n<li>dr. sc. Bernard Jankovi\u0107 ( jankovic@sfzg.hr)<\/li>\n<li>sc. Valentina Brzovi\u0107 Raji\u0107 (vbrzovic.rajic@sfzg.hr)<\/li>\n<\/ul>\n<p>Ciljevi i sadr\u017eaj kolegija<br \/>\nKolegij Restaurativna dentalna medicina sastoji se od dva predmeta koje studenti slu\u0161aju tijekom tre\u0107e i \u010detvrte godine Studija. Cilj kolegija je dati studentima temeljna znanja o etiologiji, dijagnostici, terapiji i prevenciji bolesti tvrdih zubnih tkiva karijesne i nekarijesne etiologije, te rehabilitaciji funkcijskih i estetskih potreba pacijenta kori\u0161tenjem restaurativnih dentalnih materijala.<\/p>\n<p>Restaurativna dentalna medicina I zapo\u010dinje u \u0161estom semestru Studija i izvodi se kroz\u00a0 4 tjedana turnuse nastave u obliku 25 sati predavanja, 25 sati seminara i 75 sati vje\u017ebi. Kroz teoretsko i prakti\u010dno u\u010denje studenti se upoznaju s radnim mjestom, terminologijom, instrumentima, ergonomskim na\u010delima, materijalima i tehnikama rada, a ujedno stje\u010du osnovne kirur\u0161ke vje\u0161tine potrebne za izradu kaviteta i restauraciju zuba. U ovoj fazi studenti se pou\u010davaju i treniraju svim aspektima operativne restaurativne dentalne medicine s ciljem pobolj\u0161anja vje\u0161tina neophodnih za izravan rad s pacijentima u klini\u010dkoj fazi rada.<\/p>\n<p>Ishodi u\u010denja<br \/>\nStudenti \u0107e po zavr\u0161etku kolegija mo\u0107i:<\/p>\n<ul>\n<li>navesti i opisati postupke dijagnostike bolesti tvrdih zubnih tkiva,<\/li>\n<li>koristiti i opisati instrumentarij te radno mjesto,<\/li>\n<li>navesti, opisati i primijeniti osnovna ergonomska na\u010dela u dentalnoj medicini,<\/li>\n<li>opisati, navesti i primijeniti metode sterilizacije i dezinfekcije u dentalnoj medicini,<\/li>\n<li>opisati klasi\u010dna i suvremena na\u010dela izrade kaviteta,<\/li>\n<li>navesti, opisati i primijeniti metode postizanja suhog radnog polja,<\/li>\n<li>navesti, opisati i koristiti dentalne materijale za restauraciju zubnih tkiva,<\/li>\n<li>navesti, opisati, izabrati i primijeniti razli\u010dite terapijske postupke koji se izvode u restaurativnoj dentalnoj medicini ovisno o dijagnozi,<\/li>\n<li>opisati i razlikovati karijesna i nekarijesna o\u0161te\u0107enja tvrdih zubnih tkiva,<\/li>\n<li>navesti, opisati i primijeniti neoperativne i operativne metode prevencije zubnog karijesa,<\/li>\n<li>navesti i opisati lokalne anestetike i tehnike anestezije koji se primjenjuju u dentalnoj medicini.<\/li>\n<\/ul>\n<p>Ispit i na\u010din ocjenjivanja<\/p>\n<p>Pravo pristupa ispitu imaju studenti koji su prisustvovali predavanjima, seminarima i vje\u017ebama te uredno izvr\u0161ili sve obveze unutar navedenih oblika nastave.<br \/>\nIspit se pola\u017ee nakon odslu\u0161anog predmeta u obliku pismenog ispita. Student odgovara na pitanja ozna\u010davanjem ponu\u0111enih odgovora i nadopunjavanjem. Ako student pozitivno odgovori na 61 % ili vi\u0161e pitanja smatra se kako je polo\u017eio ispit. To\u010dno odgovoreno na 61 % do 70 % pitanja od ukupnog broja &#8211; ocjena dovoljan (2), od 71 % do 80 % &#8211; ocjena dobar (3), od 81 % do 90 % &#8211; ocjena vrlo dobar (4), od 91 % do 100 % &#8211; ocjena izvrstan (5).<\/p>\n<p>Obaveze studenata<\/p>\n<p><u>Redovito poha\u0111anje i aktivno sudjelovanje<\/u> te ispunjavanje zadatka svih oblika nastave. Za seminare i vje\u017ebe studenti se unaprijed pripremaju prema popisu nastavnih cjelina.<\/p>\n<p>Vje\u017ebe se odr\u017eavaju na Medicinskom fakultetu Sveu\u010dili\u0161ta u Mostaru. Ukupni broj studenata dijeli se u manje vje\u017ebovne skupine u dogovoru s voditeljima vje\u017ebi. Svi studenti su obavezni na vje\u017ebe do\u0107i bez ka\u0161njenja, propisno odjeveni i obuveni, u \u010distoj i ispeglanoj za\u0161titnoj odje\u0107i za zdravstvene radnike; u obzir dolazi dugi bijeli mantil (radna kuta) ili kra\u0107i bijeli mantil (kuta) i bijele hla\u010de\/suknja te radna obu\u0107a (klompe). Studenti su na vje\u017ebe du\u017eni nositi vlastite za\u0161titne jednokratne maske i rukavice, za\u0161titne nao\u010dale ili vizir. Shva\u0107anje osobne higijene i kontrole infekcije je vrlo va\u017eno (duga kosa svezana, bez nakita pod rukavicama, bez \u017earko obojenih i dugih noktiju). Tijekom svih oblika provo\u0111enja nastave nije prihvatljivo jesti, \u017evakati \u017evaka\u0107e gume, koristiti mobilni telefon, \u00a0razgovarati glasno te ulaziti i izlaziti bez pitanja i dozvole.<\/p>\n<p>Student mo\u017ee izostati s 20% nastave isklju\u010divo zbog zdravstvenih razloga \u0161to opravdava lije\u010dni\u010dkom ispri\u010dnicom. Nazo\u010dnost na predavanjima, seminarima i vje\u017ebama je obavezna. Ukoliko student opravdano ili neopravdano izostane s vi\u0161e od 20% nastave ne mo\u017ee nastaviti pra\u0107enje kolegija te gubi mogu\u0107nost izlaska na zavr\u0161ni ispit.<\/p>\n<p>Literatura<\/p>\n<p>Osnovna literatura:<\/p>\n<ol>\n<li>\u0160utalo J i sur. Patologija i terapija tvrdih zubnih tkiva. Naklada Zadro: Zagreb, 1994.<\/li>\n<li>Mehuli\u0107 K i sur. Dentalni materijali. Medicinska naklada: Zagreb, 2016. <a href=\"https:\/\/bib.irb.hr\/datoteka\/880576.Dentalni_materijali_50_dpi.pdf\">https:\/\/bib.irb.hr\/datoteka\/880576.Dentalni_materijali_50_dpi.pdf<\/a><\/li>\n<\/ol>\n<p>Dodatna literatura:<\/p>\n<ol>\n<li>Gopikrishna V. Preclinical Manual of Conservative Dentistry. Elsevier-Mosby: St. Louis, 2013.<\/li>\n<li>Hilton TJ, Ferracane JL, Broome JC. Summitt&#8217;s Fundamentals of Operative Dentistry: A Contemporary Approach, 4ed. Quintessence Pub Co: Hanover Park, 2013.<\/li>\n<li>Garg N, Garg A. Textbook of Operative Dentistry, 2ed. Jaypee Brothers Medical Pub: New Delhi, 2015.<\/li>\n<li>Douglas AT, Willi G. Esthetic and Restorative Dentistry: Material Selection and Technique, 3ed. Quintessence Pub Co: Hanover Park, 2017.<\/li>\n<li>Stru\u010dni i znanstveni \u010dlanci iz Sonde i DentiST-a<\/li>\n<li>Bilje\u0161ke s predavanja<\/li>\n<\/ol>\n<p><strong>PREDAVANJA:<\/strong><\/p>\n<p>MEDVEDEC<\/p>\n<ol>\n<li>Uvod u restaurativnu dentalnu medicinu<\/li>\n<li>Radno mjesto i instrumenti<\/li>\n<li>Ergonomija u dentalnoj medicini<\/li>\n<li>Rizici po zdravlje u svakodnevnoj praksi<\/li>\n<li>Sterilizacija i dezinfekcija<\/li>\n<li>Anatomija zuba, histolo\u0161ka gra\u0111a tvrdih zubnih tkiva i zubna pulpa<\/li>\n<li>Osnove zubnog karijesa i dijagnostika bolesti tvrdih zubnih tkiva<\/li>\n<li>Anamneza, dentalni pregled i plan lije\u010denja u restaurativnoj dentalnoj medicini<\/li>\n<\/ol>\n<p>MATIJEVI\u0106<\/p>\n<ol>\n<li>Lokalni anestetici<\/li>\n<li>Tehnike davanja lokalne anestezije<\/li>\n<li>Postizanje i odr\u017eavanje suhog radnog polja<\/li>\n<li>Temeljni i suvremeni principi preparacije kaviteta<\/li>\n<li>Izrada kaviteta za amalgamske restauracije<\/li>\n<li>Izrada kaviteta za kompozitne restauracije<\/li>\n<li>Odgovor pulpodentinskog kompleksa na podra\u017eaje i materijali za za\u0161titu pulpe<\/li>\n<\/ol>\n<p>JANKOVI\u0106<\/p>\n<ol>\n<li>Dentalni cementi<\/li>\n<li>Bioaktivni i biomimeti\u010dki materijali u restaurativnoj dentalnoj medicini<\/li>\n<li>Dentalni amalgam<\/li>\n<li>Caklinsko-dentinski adhezijski sustavi<\/li>\n<li>Kompozitni materijali u dentalnoj medicini<\/li>\n<li>Polimerizacija, izvori svjetla i polimerizacijski stres<\/li>\n<\/ol>\n<p>BRZOVI\u0106<\/p>\n<ol>\n<li>Zavr\u0161no oblikovanje, obrada i poliranje ispuna te uskla\u0111ivanje okluzije<\/li>\n<li>Prevencija i terapija nekarijesnih o\u0161te\u0107enja zuba<\/li>\n<li>Osnove radiologije u dentalnoj medicini i njena klini\u010dka primjena<\/li>\n<li>Klini\u010dka primjena restaurativnih dentalnih materijala<\/li>\n<\/ol>\n<p><strong>SEMINARI:<\/strong><\/p>\n<ol>\n<li>Radno mjesto i instrumenti u restaurativnoj dentalnoj medicini<\/li>\n<li>Dentalni pregled i anamneza<\/li>\n<li>Klasifikacija zubnog karijesa<\/li>\n<li>Principi, tehnike i instrumenti za uklanjanje karijesa<\/li>\n<li>Izolacija radnog polja<\/li>\n<li>Temeljna na\u010dela preparacije kaviteta<\/li>\n<li>Na\u010dela preparacije kaviteta I razreda<\/li>\n<li>Na\u010dela preparacije kaviteta II razreda<\/li>\n<li>Na\u010dela preparacije kaviteta V razreda<\/li>\n<li>Na\u010dela preparacije kaviteta III razreda<\/li>\n<li>Na\u010dela preparacije kaviteta IV razreda<\/li>\n<li>Razlike izme\u0111u temeljnih i suvremenih metoda preparacije kaviteta<\/li>\n<li>Indirektno prekrivanje zubne pulpe (materijali, postupci)<\/li>\n<li>Direktno prekrivanje zubne pulpe (materijali, postupci)<\/li>\n<li>Klini\u010dka primjena dentalnog amalgama<\/li>\n<li>Klini\u010dka primjena stakleno-ionomernih cemenata<\/li>\n<li>Klini\u010dka primjena caklinsko-dentinskih adhezijski sustava<\/li>\n<li>Klini\u010dka primjena kompozitnih materijala \u2013 direktne restauracije<\/li>\n<li>Klini\u010dka primjena kompozitnih materijala \u2013 indirektne restauracije<\/li>\n<li>Zavr\u0161na obrada i poliranje amalgamskih i kompozitnih ispuna<\/li>\n<li>Osnovni kontakti zubnih povr\u0161ina i analiza okluzije<\/li>\n<li>Naj\u010de\u0161\u0107e pogre\u0161ke pri radu s restaurativnim dentalnim materijalima<\/li>\n<li>Minimalno invazivne preparacije<\/li>\n<li>Boja zuba i izbor odgovaraju\u0107e boje kompozitnog materijala (modifikatori i opakeri)<\/li>\n<li>Terapija nekarijesnih o\u0161te\u0107enja tvrdih zubnih tkiva<\/li>\n<\/ol>\n<p><strong>TEME VJE\u017dBI:<\/strong><\/p>\n<ol>\n<li>Radno mjesto, instrumenti, sterilizacija i dezinfekcija<\/li>\n<li>Preparacija kaviteta I i V razreda na akrilnoj plo\u010di<\/li>\n<li>Preparacija kaviteta II razreda na akrilnoj plo\u010di<\/li>\n<li>Preparacija kaviteta I razreda na fantomu (molar)<\/li>\n<li>Preparacija kaviteta II razreda na fantomu MO ili OD (premolar)<\/li>\n<li>Preparacija kaviteta II razreda na fantomu MOD (molar)<\/li>\n<li>Preparacija kaviteta V razreda na fantomu (molar i premolar)<\/li>\n<li>Preparacija kaviteta III i IV razreda na fantomu<\/li>\n<li>Suho radno polje (rubber dam), upoznavanje sa sustavima matrica i steza\u010da<\/li>\n<li>Postavljanje za\u0161titne podloge i amalgamskog ispuna u kavitet I razreda (molar), uskla\u0111ivanje me\u0111u\u010deljusnih odnosa<\/li>\n<li>Postavljanje za\u0161titne podloge i amalgamskog ispuna u kavitet II razreda MO ili OD (premolar), uskla\u0111ivanje me\u0111u\u010deljusnih odnosa<\/li>\n<li>Postavljanje za\u0161titne podloge i izrada kompozitnog ispuna u kavitet II razreda MOD (molar, zatvorena sendwich tehnika), uskla\u0111ivanje me\u0111u\u010deljusnih odnosa, finiranje i poliranje<\/li>\n<li>Adhezivna tehnika postavljanja kompozitnog ispuna u kavitet III razreda, uskla\u0111ivanje me\u0111u\u010deljusnih odnosa, finiranje i poliranje, poliranje amalgamskih ispuna<\/li>\n<li>Adhezivna tehnika izrade kompozitnog ispuna (finger tip tehnika) IV razreda, uskla\u0111ivanje me\u0111u\u010deljusnih odnosa, finiranje i poliranje<\/li>\n<li>Uklanjanje amalgamskog ispuna, izrada kaviteta I razreda (molar), izrada kompozitnog ispuna adhezivnom tehnikom, uskla\u0111ivanje me\u0111u\u010deljusnih odnosa, finiranje i poliranje<\/li>\n<li>Preparacija kaviteta I razreda na izva\u0111enom zubu, izrada kompozitnog ispuna adhezivnom tehnikom, finiranje i poliranje<\/li>\n<li>Izrada direktne kompozitne ljuskice na fantomu<\/li>\n<\/ol>\n<ol start=\"18\">\n<li>Popravak kompozitnog ispuna ( minimalno invazivni zahvat)<\/li>\n<li>Pe\u010da\u0107enje fisura i pe\u010datni ispun<\/li>\n<li>Zamjena amalgamskog ispuna kompozitnim materijalom<\/li>\n<li>Ponovna izrada kaviteta i ispuna po izboru studenta<\/li>\n<li>Rad na ekstrahiranom zubu<\/li>\n<\/ol>\n<p>Osnovna literatura:<\/p>\n<ol>\n<li>\u0160utalo J i sur. Patologija i terapija tvrdih zubnih tkiva. Naklada Zadro: Zagreb, 1994.<\/li>\n<li>Mehuli\u0107 K i sur. Dentalni materijali. Medicinska naklada: Zagreb, 2016. <a href=\"https:\/\/bib.irb.hr\/datoteka\/880576.Dentalni_materijali_50_dpi.pdf\">https:\/\/bib.irb.hr\/datoteka\/880576.Dentalni_materijali_50_dpi.pdf<\/a><\/li>\n<\/ol>\n<p>Dodatna literatura:<\/p>\n<ol>\n<li>Gopikrishna V. Preclinical Manual of Conservative Dentistry. Elsevier-Mosby: St. Louis, 2013.<\/li>\n<li>Hilton TJ, Ferracane JL, Broome JC. Summitt&#8217;s Fundamentals of Operative Dentistry: A Contemporary Approach, 4ed. Quintessence Pub Co: Hanover Park, 2013.<\/li>\n<li>Garg N, Garg A. Textbook of Operative Dentistry, 2ed. Jaypee Brothers Medical Pub: New Delhi, 2015.<\/li>\n<li>Douglas AT, Willi G. Esthetic and Restorative Dentistry: Material Selection and Technique, 3ed. Quintessence Pub Co: Hanover Park, 2017.<\/li>\n<li>Stru\u010dni i znanstveni \u010dlanci iz Sonde i DentiST-a<\/li>\n<li>Bilje\u0161ke s predavanja<\/li>\n<\/ol>\n<p>[\/vc_column_text][\/vc_column][\/vc_row]<\/p>\n<\/div>","protected":false},"excerpt":{"rendered":"<p>[vc_row][vc_column][vc_message message_box_color=&#8221;alert-success&#8221; icon_type=&#8221;pixelicons&#8221; icon_pixelicons=&#8221;vc_pixel_icon vc_pixel_icon-document_pdf&#8221;]Izvedbeni nastavni plan za ak. 2025. \/2026. godinu[\/vc_message][vc_message message_box_color=&#8221;alert-success&#8221; icon_type=&#8221;pixelicons&#8221; icon_pixelicons=&#8221;vc_pixel_icon vc_pixel_icon-document_pdf&#8221;]Syllabus[\/vc_message][vc_column_text]Nastavnici i suradnici: dr. sc. Ivana Medvedec Miki\u0107 ( ivana.medvedec@mefst.hr)&hellip;<\/p>\n","protected":false},"author":1,"featured_media":0,"parent":807,"menu_order":0,"comment_status":"closed","ping_status":"closed","template":"","meta":{"footnotes":""},"class_list":["post-1041","page","type-page","status-publish","hentry"],"_links":{"self":[{"href":"https:\/\/mef.sum.ba\/dentalna\/wp-json\/wp\/v2\/pages\/1041","targetHints":{"allow":["GET"]}}],"collection":[{"href":"https:\/\/mef.sum.ba\/dentalna\/wp-json\/wp\/v2\/pages"}],"about":[{"href":"https:\/\/mef.sum.ba\/dentalna\/wp-json\/wp\/v2\/types\/page"}],"author":[{"embeddable":true,"href":"https:\/\/mef.sum.ba\/dentalna\/wp-json\/wp\/v2\/users\/1"}],"replies":[{"embeddable":true,"href":"https:\/\/mef.sum.ba\/dentalna\/wp-json\/wp\/v2\/comments?post=1041"}],"version-history":[{"count":21,"href":"https:\/\/mef.sum.ba\/dentalna\/wp-json\/wp\/v2\/pages\/1041\/revisions"}],"predecessor-version":[{"id":4816,"href":"https:\/\/mef.sum.ba\/dentalna\/wp-json\/wp\/v2\/pages\/1041\/revisions\/4816"}],"up":[{"embeddable":true,"href":"https:\/\/mef.sum.ba\/dentalna\/wp-json\/wp\/v2\/pages\/807"}],"wp:attachment":[{"href":"https:\/\/mef.sum.ba\/dentalna\/wp-json\/wp\/v2\/media?parent=1041"}],"curies":[{"name":"wp","href":"https:\/\/api.w.org\/{rel}","templated":true}]}}