{"id":14,"date":"2017-04-25T11:07:43","date_gmt":"2017-04-25T09:07:43","guid":{"rendered":"http:\/\/mef.sve-mo.ba\/biologija\/?page_id=14"},"modified":"2020-11-10T12:10:48","modified_gmt":"2020-11-10T11:10:48","slug":"pracenje-i-ocjenjivanje-studenata","status":"publish","type":"page","link":"https:\/\/mef.sum.ba\/biologija\/pracenje-i-ocjenjivanje-studenata\/","title":{"rendered":"Pra\u0107enje i ocjenjivanje studenata"},"content":{"rendered":"<section class=\"wpb-content-wrapper\"><p>[vc_row][vc_column][vc_column_text]<\/p>\n<p style=\"text-align: center;\"><span style=\"font-size: 14pt;\"><strong>Pra\u0107enje i ocjenjivanje studenata te na\u010din polaganja ispita iz kolegija<\/strong><\/span><br \/>\n<span style=\"font-size: 14pt;\"><strong>Medicinske biologije<\/strong><\/span><\/p>\n<p><span style=\"font-size: 14pt;\">Dodatna poja\u0161njenja:<\/span><br \/>\n<span style=\"font-size: 14pt;\">Kolegij Medicinska biologija se izvodi tijekom I. semestra u obliku predavanja (45 sati), seminara (35<\/span><br \/>\n<span style=\"font-size: 14pt;\">sati) i vje\u017ebi (30 sati). Svi oblici nastave su obavezni, a sudjelovanje studenata se redovito prate.<\/span><br \/>\n<span style=\"font-size: 14pt;\">Polaganje ispita se mo\u017ee ostvariti kroz dva vida ocjenjivanja<\/span><br \/>\n<span style=\"font-size: 14pt;\">&#8211; kontinuirani na\u010din ocjenjivanja<\/span><br \/>\n<span style=\"font-size: 14pt;\">&#8211; klasi\u010dni na\u010din ocjenjivanja<\/span><br \/>\n<span style=\"font-size: 14pt;\">\u201eKontinuirani na\u010din ocjenjivanja studenta\u201c<\/span><br \/>\n<span style=\"font-size: 14pt;\">Tijekom nastave, aktivnim sudjelovanjem na predavanjima, seminarima i vje\u017ebama student mo\u017ee<\/span><br \/>\n<span style=\"font-size: 14pt;\">ostvariti 70% (ili 70 bodova) svoje zavr\u0161ne ocjene iz kolegija. Ostalih 30% (ili 30 bodova) ostvaruje<\/span><br \/>\n<span style=\"font-size: 14pt;\">zavr\u0161nim ispitom koji se sastoji od usmenog dijela ispita.<\/span><br \/>\n<span style=\"font-size: 14pt;\">Student mo\u017ee ostvariti 70 bodova tijekom odr\u017eavanja nastave na sljede\u0107i na\u010din:<\/span><br \/>\n<span style=\"font-size: 14pt;\">Seminari i vje\u017ebe: do 10 bodova (10 %)<\/span><br \/>\n<span style=\"font-size: 14pt;\">Test 1: do 15 bodova (15 %)<\/span><br \/>\n<span style=\"font-size: 14pt;\">Test 2: do 15 bodova (15 %)<\/span><br \/>\n<span style=\"font-size: 14pt;\">Test 3: do 15 bodova (15 %)<\/span><br \/>\n<span style=\"font-size: 14pt;\">Test 4: do 15 bodova (15 %)<\/span><br \/>\n<span style=\"font-size: 14pt;\">Na seminarima i vje\u017ebama student s nastavnikom aktivno raspravlja o zadanoj temi, koja se obi\u010dno<\/span><br \/>\n<span style=\"font-size: 14pt;\">odnosi na prethodno predavanje. Student je obavezan pripremiti gradivo o kojem se raspravlja na<\/span><br \/>\n<span style=\"font-size: 14pt;\">seminarima i vje\u017ebama. Nastavnik ocjenjuje sudjelovanje studenta u radu seminara (pokazano znanje,<\/span><br \/>\n<span style=\"font-size: 14pt;\">razumijevanje, sposobnost postavljanja problema i zaklju\u010divanje). Tijekom svakog seminara i vje\u017ebe<\/span><br \/>\n<span style=\"font-size: 14pt;\">(mikroskopiranje i vje\u017ebe) student mo\u017ee &#8220;dobiti&#8221; maksimalno 0.5 boda. Zavr\u0161ni ispit (Test od 20-30<\/span><br \/>\n<span style=\"font-size: 14pt;\">pitanja) iz mikroskopa ukupno iznosi 2.5 bodova. Ukupno, na seminarima i vje\u017ebama student mo\u017ee<\/span><br \/>\n<span style=\"font-size: 14pt;\">ostvariti najvi\u0161e 10 bodova.<\/span><br \/>\n<span style=\"font-size: 14pt;\">Tjedni testovi se odr\u017eavaju jedanput tjedno. Sadr\u017ee 40 pitanja koja se odnose na gradivo iz prethodnog<\/span><br \/>\n<span style=\"font-size: 14pt;\">nastavnog tjedna. Kako bi student zadovoljio kriterije ocjenjivanja mora to\u010dno rije\u0161iti \u226550% pitanja iz<\/span><br \/>\n<span style=\"font-size: 14pt;\">tjednog testa. To\u010dni odgovori se boduju po sljede\u0107em klju\u010du:<\/span><br \/>\n<span style=\"font-size: 14pt;\">38 \u2013 40 = 15 bodova<\/span><br \/>\n<span style=\"font-size: 14pt;\">35 \u2013 37 = 14 bodova<\/span><br \/>\n<span style=\"font-size: 14pt;\">32 \u2013 34 = 13 bodova<\/span><br \/>\n<span style=\"font-size: 14pt;\">28 &#8211; 31 = 12 bodova<\/span><br \/>\n<span style=\"font-size: 14pt;\">24 \u2013 27 = 11 bodova<\/span><br \/>\n<span style=\"font-size: 14pt;\">20 \u2013 23 = 10 bodova<\/span><br \/>\n<span style=\"font-size: 14pt;\">&lt;20 = 0 bodova<\/span><\/p>\n<p><span style=\"font-size: 14pt;\"><strong>VA\u017dNO!!!<\/strong><\/span><br \/>\n<span style=\"font-size: 14pt;\">\u2022 Prolaz na tjednom testu se smatra ako student ostvari \u226510 bodova na testu tj. \u226550% uspje\u0161nosti<\/span><br \/>\n<span style=\"font-size: 14pt;\">na testu!<\/span><br \/>\n<span style=\"font-size: 14pt;\">\u2022 Studenti koji ne polo\u017ee jedan od \u010detiri tjedna testa ne mogu pristupati daljnjim tjednim<\/span><br \/>\n<span style=\"font-size: 14pt;\">testovima, ali mogu iza\u0107i na redovite ispitne rokove kako slijedi (vidjeti ispod) te su<\/span><br \/>\n<span style=\"font-size: 14pt;\">obavezni aktivno sudjelovati u nastavi, a njihova aktivnost na seminarima i vje\u017ebama \u0107e<\/span><br \/>\n<span style=\"font-size: 14pt;\">biti dosljedno bodovana s mogu\u0107nosti ostvarenja ukupno 10 bodova (10% ocjene).<\/span><br \/>\n<span style=\"font-size: 14pt;\">\u2022 Studenti koji tijekom nastave (tjedni testovi+aktivnost) ostvare \u226540 bodova imaju pravo<\/span><br \/>\n<span style=\"font-size: 14pt;\">pristupiti zavr\u0161nom ispitu bez polaganja testa na Zavr\u0161nom ispitu, tj. izlaze samo<\/span><br \/>\n<span style=\"font-size: 14pt;\">na Zavr\u0161ni usmeni ispit. (vidjeti dolje obja\u0161njenje kako se odvija usmeni ispit).<\/span><br \/>\n<span style=\"font-size: 14pt;\">\u2022 Bez obzira na ostvarene bodove tijekom nastave, kona\u010dna ocjena se ne mo\u017ee oblikovati, ako<\/span><br \/>\n<span style=\"font-size: 14pt;\">student nije pozitivno ocijenjen na zavr\u0161nom usmenom ispitu \u010dime se ujedno verificiraju<\/span><br \/>\n<span style=\"font-size: 14pt;\">bodovi zara\u0111eni tijekom nastave.<\/span><br \/>\n<span style=\"font-size: 14pt;\">\u2022 Ukupna ocjena se dobije zbrojem bodova ostvarenih kontinuiranim pra\u0107enjem na nastavi i<\/span><br \/>\n<span style=\"font-size: 14pt;\">bodova ste\u010denih nakon usmenog ispita. Minimalan broj bodova na usmenom ispitu je 0<\/span><br \/>\n<span style=\"font-size: 14pt;\">(0%), a maksimalan 30 bodova (30%), \u0161to sa minimalnim zbrojem ste\u010denih bodova nakon<\/span><br \/>\n<span style=\"font-size: 14pt;\">tjednih testova (40%) i polo\u017eenim usmenim ispitom (15%) \u010dini prag prolaznosti od 55<\/span><br \/>\n<span style=\"font-size: 14pt;\">bodova (55%).<\/span><br \/>\n<span style=\"font-size: 14pt;\">Kona\u010dna ocjena:<\/span><br \/>\n<span style=\"font-size: 14pt;\">Kona\u010dna ocjena znanja studenta se oblikuje zbrojem bodova dobivenih tijekom nastave i bodova<\/span><br \/>\n<span style=\"font-size: 14pt;\">dobivenih na zavr\u0161nom ispitu na sljede\u0107i na\u010din.<\/span><br \/>\n<span style=\"font-size: 14pt;\">90 \u2013 100 = izvrstan (5)<\/span><br \/>\n<span style=\"font-size: 14pt;\">80 \u2013 89 = vrlo dobar (4)<\/span><br \/>\n<span style=\"font-size: 14pt;\">68\u2013 79 = dobar (3)<\/span><br \/>\n<span style=\"font-size: 14pt;\">55 \u2013 67 = dovoljan (2)<\/span><br \/>\n<span style=\"font-size: 14pt;\">0 \u2013 54 = nedovoljan (1)<\/span><\/p>\n<p><strong><span style=\"font-size: 14pt;\">\u201eKlasi\u010dni na\u010din polaganja ispita\u201c<\/span><\/strong><br \/>\n<span style=\"font-size: 14pt;\">\u2022 Studenti koji ostvare &lt;40 bodova imaju pravo iza\u0107i na prvi rok (tzv. predrok), a Zavr\u0161ni ispit<\/span><br \/>\n<span style=\"font-size: 14pt;\">im se sastoji od testa (120 pitanja) te usmenog dijela ispita.<\/span><br \/>\n<span style=\"font-size: 14pt;\">\u2022 Neposredno nakon zavr\u0161etka nastave, studenti koji ostvare 40 i vi\u0161e bodova, i nisu zadovoljni<\/span><br \/>\n<span style=\"font-size: 14pt;\">svojim uspjehom, mogu poni\u0161titi svoj bodovni uspjeh te iza\u0107i na zavr\u0161ni ispit u obliku pismenog i<\/span><br \/>\n<span style=\"font-size: 14pt;\">usmenog ispita (tzv. klasi\u010dni ispit). Ako se odlu\u010de za ovakav vid ispita, to moraju prijaviti voditelju<\/span><br \/>\n<span style=\"font-size: 14pt;\">kolegija najkasnije 72 h prije zakazanog termina za ispit te pola\u017eu istim na\u010dinom na svim daljnjim<\/span><br \/>\n<span style=\"font-size: 14pt;\">ispitnim rokovima.<\/span><br \/>\n<span style=\"font-size: 14pt;\">Pismeni dio ispita se sastoji od 120 pitanja. Uspjeh na pismenom ispitu se boduje po sljede\u0107em klju\u010du:<\/span><br \/>\n<span style=\"font-size: 14pt;\">108\u2013120 = izvrstan (5)<\/span><br \/>\n<span style=\"font-size: 14pt;\">96\u2013107 = vrlo dobar (4)<\/span><br \/>\n<span style=\"font-size: 14pt;\">80\u201395 = dobar (3)<\/span><br \/>\n<span style=\"font-size: 14pt;\">66\u201379 = dovoljan (2)<\/span><br \/>\n<span style=\"font-size: 14pt;\">0\u201365 = nedovoljan (1)<\/span><\/p>\n<p><span style=\"font-size: 14pt;\"><strong>VA\u017dNO!!!<\/strong><\/span><br \/>\n<span style=\"font-size: 14pt;\">\u2022 Ako kandidat napi\u0161e pismeni test &lt;55%, zna\u010di da nije zadovoljio na ispitu i ne mo\u017ee pristupiti<\/span><br \/>\n<span style=\"font-size: 14pt;\">usmenom dijelu ispita.<\/span><br \/>\n<span style=\"font-size: 14pt;\">\u2022 Studenti su obavezni polo\u017eiti oba vida zavr\u0161nog ispita (pismeni i usmeni dio) kako bi dobili<\/span><br \/>\n<span style=\"font-size: 14pt;\">zavr\u0161nu ocjenu.<\/span><br \/>\n<span style=\"font-size: 14pt;\">\u2022 Zavr\u0161na ocjena na ispitu je aritmeti\u010dka sredina izme\u0111u ocjene na testu i usmenog ispita.<\/span><br \/>\n<span style=\"font-size: 14pt;\">\u2022 Bodovi prikupljeni za vrijeme nastave (seminari i vje\u017ebe) se pribrajaju pismenom dijelu ispita<\/span><br \/>\n<span style=\"font-size: 14pt;\">nakon polo\u017eenog testa.<\/span><br \/>\n<span style=\"font-size: 14pt;\">Vrijedi za sve oblike ocjenjivanja &#8211; VA\u017dNO!!!<\/span><br \/>\n<span style=\"font-size: 14pt;\">\u2022 Bodovi koje je student dobio za vrijeme nastave kao i jednom polo\u017eeni test na zavr\u0161nom ispitu<\/span><br \/>\n<span style=\"font-size: 14pt;\">vrijede u teku\u0107oj akademskoj godini.<\/span><br \/>\n<span style=\"font-size: 14pt;\">\u2022 Usmeni dio ispita u oba ocjenjiva\u010dka re\u017eima se sastoji od \u010detiri razli\u010dita podru\u010dja med. biologije<\/span><br \/>\n<span style=\"font-size: 14pt;\">(\u010detiri grupe pitanja-kartice) u korelaciji sa zavr\u0161enom nastavom po tjednima. Student mora<\/span><br \/>\n<span style=\"font-size: 14pt;\">pokazati zadovoljavaju\u0107e znanje u odgovoru sva \u010detiri postavljena pitanja kako bi polo\u017eio ispit.<\/span><br \/>\n<span style=\"font-size: 14pt;\">\u2022 Svi oni studenti koji ne zadovolje na zavr\u0161nom usmenom ispitu mogu ponovno pristupiti istom na<\/span><br \/>\n<span style=\"font-size: 14pt;\">sljede\u0107im redovitim ispitnim rokovima pod istim uvjetima.<\/span><br \/>\n<span style=\"font-size: 14pt;\">\u2022 Svi oni koji pristupaju ili se odlu\u010de za \u201cklasi\u010dni na\u010din\u201d ispitivanja na prvom roku po tom na\u010dinu \u0107e<\/span><br \/>\n<span style=\"font-size: 14pt;\">se ispitivati na svim sljede\u0107im redovitim ispitnim rokovima.<\/span><br \/>\n<span style=\"font-size: 14pt;\">\u2022 Polo\u017een pismeni ispit na jednom ispitnom roku vrijedi tijekom teku\u0107e akademske godine!<\/span><br \/>\n<span style=\"font-size: 14pt;\">\u2022 Bez obzira na ostvarene bodove tijekom nastave, kona\u010dna ocjena se ne mo\u017ee oblikovati, ako<\/span><br \/>\n<span style=\"font-size: 14pt;\">student nije pozitivno ocijenjen na zavr\u0161nom ispitu.<\/span><br \/>\n<span style=\"font-size: 14pt;\">Uputa za studente koji prelaze s drugih fakulteta:<\/span><br \/>\n<span style=\"font-size: 14pt;\">\u2022 Potrebno je dostaviti plan i program sa zamolbom za priznavanje polo\u017eenog kolegija Biologije<\/span><br \/>\n<span style=\"font-size: 14pt;\">\u2022 Ukoliko je student polo\u017eio biologiju s fondom sati koji se ne podudara u vi\u0161e od 40%, tada student<\/span><br \/>\n<span style=\"font-size: 14pt;\">slu\u0161a cijeli kolegij pod uvjetima kao i ostali redoviti studenti koji poha\u0111aju nastavu iz kolegija.<\/span><br \/>\n<span style=\"font-size: 14pt;\">\u2022 Ukoliko su razlike u fondu sati izme\u0111u kolegija biologije kojeg je student prijelaznik polo\u017eio u<\/span><br \/>\n<span style=\"font-size: 14pt;\">odnosu na kolegij Medicinske biologije na Medicinskom fakultetu Sveu\u010dili\u0161ta u Mostaru &lt;40%,<\/span><br \/>\n<span style=\"font-size: 14pt;\">tada pristupnik slu\u0161a samo dio nastave koje odredi voditelj kolegija uz suglasnost ostalih \u010dlanova<\/span><br \/>\n<span style=\"font-size: 14pt;\">katedre.<\/span><br \/>\n<span style=\"font-size: 14pt;\">\u2022 Razlikovni dijelovi ispita se pola\u017eu u vidu tjednih testova za vrijeme nastave. Nakon polo\u017eenih<\/span><br \/>\n<span style=\"font-size: 14pt;\">dijelova Medicinske biologije u vidu tjednih testova, pristupnik je du\u017ean prijaviti ispit (prvi rok u<\/span><br \/>\n<span style=\"font-size: 14pt;\">12. mj.) kako bi mu se upisala ocjena iz kolegija Medicinske biologije. Ukoliko student za vrijeme<\/span><br \/>\n<span style=\"font-size: 14pt;\">nastave ne polo\u017ei razlikovne testove s pragom prolaza od 55% na svakom testu, tada pristupnik<\/span><br \/>\n<span style=\"font-size: 14pt;\">pola\u017ee ostale testova na narednim ispitnim rokovima uz redovitu prijavu na ispit.<\/span>[\/vc_column_text][\/vc_column][\/vc_row]<\/p>\n<\/section>","protected":false},"excerpt":{"rendered":"<p>[vc_row][vc_column][vc_column_text] Pra\u0107enje i ocjenjivanje studenata te na\u010din polaganja ispita iz kolegija Medicinske biologije Dodatna poja\u0161njenja: Kolegij Medicinska biologija se izvodi tijekom I. semestra u obliku predavanja (45 sati), seminara (35 sati) i vje\u017ebi (30 sati). Svi oblici nastave su obavezni, a sudjelovanje studenata se redovito prate. Polaganje ispita se mo\u017ee ostvariti kroz dva vida ocjenjivanja&#8230;<\/p>\n<p class=\"more-link\"><a href=\"https:\/\/mef.sum.ba\/biologija\/pracenje-i-ocjenjivanje-studenata\/\"><span>Read More<\/span><i>&#43;<\/i><\/a><\/p>\n","protected":false},"author":1,"featured_media":0,"parent":0,"menu_order":0,"comment_status":"closed","ping_status":"closed","template":"","meta":{"footnotes":""},"class_list":["post-14","page","type-page","status-publish","hentry"],"_links":{"self":[{"href":"https:\/\/mef.sum.ba\/biologija\/wp-json\/wp\/v2\/pages\/14","targetHints":{"allow":["GET"]}}],"collection":[{"href":"https:\/\/mef.sum.ba\/biologija\/wp-json\/wp\/v2\/pages"}],"about":[{"href":"https:\/\/mef.sum.ba\/biologija\/wp-json\/wp\/v2\/types\/page"}],"author":[{"embeddable":true,"href":"https:\/\/mef.sum.ba\/biologija\/wp-json\/wp\/v2\/users\/1"}],"replies":[{"embeddable":true,"href":"https:\/\/mef.sum.ba\/biologija\/wp-json\/wp\/v2\/comments?post=14"}],"version-history":[{"count":56,"href":"https:\/\/mef.sum.ba\/biologija\/wp-json\/wp\/v2\/pages\/14\/revisions"}],"predecessor-version":[{"id":425,"href":"https:\/\/mef.sum.ba\/biologija\/wp-json\/wp\/v2\/pages\/14\/revisions\/425"}],"wp:attachment":[{"href":"https:\/\/mef.sum.ba\/biologija\/wp-json\/wp\/v2\/media?parent=14"}],"curies":[{"name":"wp","href":"https:\/\/api.w.org\/{rel}","templated":true}]}}